{"id":47827,"date":"2025-05-02T14:43:57","date_gmt":"2025-05-02T12:43:57","guid":{"rendered":"https:\/\/webteknei-wbyith26fq.live-website.com\/complaint-channel\/"},"modified":"2025-11-19T13:05:22","modified_gmt":"2025-11-19T12:05:22","slug":"complaint-channel","status":"publish","type":"page","link":"https:\/\/teknei.com\/en\/complaint-channel\/","title":{"rendered":"Complaint Channel"},"content":{"rendered":"\t\t<div data-elementor-type=\"wp-page\" data-elementor-id=\"47827\" class=\"elementor elementor-47827 elementor-38077\" data-elementor-post-type=\"page\">\n\t\t\t\t<div class=\"elementor-element elementor-element-8a82d06 e-flex e-con-boxed e-con e-parent\" data-id=\"8a82d06\" data-element_type=\"container\" data-e-type=\"container\">\n\t\t\t\t\t<div class=\"e-con-inner\">\n\t\t\t\t<div class=\"elementor-element elementor-element-d76b83b e-n-tabs-mobile elementor-widget elementor-widget-n-tabs\" data-id=\"d76b83b\" data-element_type=\"widget\" data-e-type=\"widget\" data-settings=\"{&quot;horizontal_scroll&quot;:&quot;disable&quot;}\" data-widget_type=\"nested-tabs.default\">\n\t\t\t\t<div class=\"elementor-widget-container\">\n\t\t\t\t\t\t\t<div class=\"e-n-tabs\" data-widget-number=\"225884219\" aria-label=\"Tabs. Open items with Enter or Space, close with Escape and navigate using the Arrow keys.\">\n\t\t\t<div class=\"e-n-tabs-heading\" role=\"tablist\">\n\t\t\t\t\t<button id=\"e-n-tab-title-2258842191\" data-tab-title-id=\"e-n-tab-title-2258842191\" class=\"e-n-tab-title\" aria-selected=\"true\" data-tab-index=\"1\" role=\"tab\" tabindex=\"0\" aria-controls=\"e-n-tab-content-2258842191\" style=\"--n-tabs-title-order: 1;\">\n\t\t\t\t\t\t<span class=\"e-n-tab-title-text\">\n\t\t\t\tEspa\u00f1a\t\t\t<\/span>\n\t\t<\/button>\n\t\t\t\t<button id=\"e-n-tab-title-2258842192\" data-tab-title-id=\"e-n-tab-title-2258842192\" class=\"e-n-tab-title\" aria-selected=\"false\" data-tab-index=\"2\" role=\"tab\" tabindex=\"-1\" aria-controls=\"e-n-tab-content-2258842192\" style=\"--n-tabs-title-order: 2;\">\n\t\t\t\t\t\t<span class=\"e-n-tab-title-text\">\n\t\t\t\tM\u00e9xico\t\t\t<\/span>\n\t\t<\/button>\n\t\t\t\t\t<\/div>\n\t\t\t<div class=\"e-n-tabs-content\">\n\t\t\t\t<div id=\"e-n-tab-content-2258842191\" role=\"tabpanel\" aria-labelledby=\"e-n-tab-title-2258842191\" data-tab-index=\"1\" style=\"--n-tabs-title-order: 1;\" class=\"e-active elementor-element elementor-element-dff3db0 e-con-full e-flex e-con e-child\" data-id=\"dff3db0\" data-element_type=\"container\" data-e-type=\"container\">\n\t\t<div class=\"elementor-element elementor-element-7aaddee e-flex e-con-boxed e-con e-child\" data-id=\"7aaddee\" data-element_type=\"container\" data-e-type=\"container\">\n\t\t\t\t\t<div class=\"e-con-inner\">\n\t\t<div class=\"elementor-element elementor-element-3b78828 e-con-full e-flex e-con e-child\" data-id=\"3b78828\" data-element_type=\"container\" data-e-type=\"container\">\n\t\t\t\t<div class=\"elementor-element elementor-element-fa34448 elementor-nav-menu--dropdown-tablet elementor-nav-menu__text-align-aside elementor-nav-menu--toggle elementor-nav-menu--burger elementor-widget elementor-widget-nav-menu\" data-id=\"fa34448\" data-element_type=\"widget\" data-e-type=\"widget\" data-settings=\"{&quot;layout&quot;:&quot;vertical&quot;,&quot;submenu_icon&quot;:{&quot;value&quot;:&quot;&lt;svg aria-hidden=\\&quot;true\\&quot; class=\\&quot;e-font-icon-svg e-fas-caret-down\\&quot; viewBox=\\&quot;0 0 320 512\\&quot; xmlns=\\&quot;http:\\\/\\\/www.w3.org\\\/2000\\\/svg\\&quot;&gt;&lt;path d=\\&quot;M31.3 192h257.3c17.8 0 26.7 21.5 14.1 34.1L174.1 354.8c-7.8 7.8-20.5 7.8-28.3 0L17.2 226.1C4.6 213.5 13.5 192 31.3 192z\\&quot;&gt;&lt;\\\/path&gt;&lt;\\\/svg&gt;&quot;,&quot;library&quot;:&quot;fa-solid&quot;},&quot;toggle&quot;:&quot;burger&quot;}\" data-widget_type=\"nav-menu.default\">\n\t\t\t\t<div class=\"elementor-widget-container\">\n\t\t\t\t\t\t\t\t<nav aria-label=\"Men\u00fa\" class=\"elementor-nav-menu--main elementor-nav-menu__container elementor-nav-menu--layout-vertical e--pointer-text e--animation-none\">\n\t\t\t\t<ul id=\"menu-1-fa34448\" class=\"elementor-nav-menu sm-vertical\"><li class=\"menu-item menu-item-type-post_type menu-item-object-page menu-item-50013\"><a href=\"https:\/\/teknei.com\/en\/legal-notice\/\" class=\"elementor-item\">Legal Notice<\/a><\/li>\n<li class=\"menu-item menu-item-type-post_type menu-item-object-page menu-item-50353\"><a href=\"https:\/\/teknei.com\/en\/cookies-policy\/\" class=\"elementor-item\">Cookies Policy<\/a><\/li>\n<li class=\"menu-item menu-item-type-post_type menu-item-object-page menu-item-50350\"><a href=\"https:\/\/teknei.com\/en\/privacy-notice\/\" class=\"elementor-item\">Privacy Notice<\/a><\/li>\n<li class=\"menu-item menu-item-type-post_type menu-item-object-page menu-item-50011\"><a href=\"https:\/\/teknei.com\/en\/code-of-conduct\/\" class=\"elementor-item\">Code of Conduct<\/a><\/li>\n<li class=\"menu-item menu-item-type-post_type menu-item-object-page menu-item-50012\"><a href=\"https:\/\/teknei.com\/en\/complaint-channel\/\" class=\"elementor-item\">Complaint Channel<\/a><\/li>\n<li class=\"menu-item menu-item-type-post_type menu-item-object-page menu-item-50351\"><a href=\"https:\/\/teknei.com\/en\/gis-policy\/\" class=\"elementor-item\">GIS Policy<\/a><\/li>\n<li class=\"menu-item menu-item-type-post_type menu-item-object-page menu-item-50137\"><a href=\"https:\/\/teknei.com\/en\/information-security-policy-with-suppliers\/\" class=\"elementor-item\">Information Security Policy with Suppliers<\/a><\/li>\n<li class=\"menu-item menu-item-type-post_type menu-item-object-page menu-item-50136\"><a href=\"https:\/\/teknei.com\/en\/environmental-policy\/\" class=\"elementor-item\">Environmental policy<\/a><\/li>\n<li class=\"menu-item menu-item-type-post_type menu-item-object-page menu-item-50138\"><a href=\"https:\/\/teknei.com\/en\/strategic-vision-rdi\/\" class=\"elementor-item\">Strategic vision R&amp;D&amp;I<\/a><\/li>\n<\/ul>\t\t\t<\/nav>\n\t\t\t\t\t<div class=\"elementor-menu-toggle\" role=\"button\" tabindex=\"0\" aria-label=\"Menu Toggle\" aria-expanded=\"false\">\n\t\t\t<svg aria-hidden=\"true\" role=\"presentation\" class=\"elementor-menu-toggle__icon--open e-font-icon-svg e-eicon-menu-bar\" viewBox=\"0 0 1000 1000\" xmlns=\"http:\/\/www.w3.org\/2000\/svg\"><path d=\"M104 333H896C929 333 958 304 958 271S929 208 896 208H104C71 208 42 237 42 271S71 333 104 333ZM104 583H896C929 583 958 554 958 521S929 458 896 458H104C71 458 42 487 42 521S71 583 104 583ZM104 833H896C929 833 958 804 958 771S929 708 896 708H104C71 708 42 737 42 771S71 833 104 833Z\"><\/path><\/svg><svg aria-hidden=\"true\" role=\"presentation\" class=\"elementor-menu-toggle__icon--close e-font-icon-svg e-eicon-close\" viewBox=\"0 0 1000 1000\" xmlns=\"http:\/\/www.w3.org\/2000\/svg\"><path d=\"M742 167L500 408 258 167C246 154 233 150 217 150 196 150 179 158 167 167 154 179 150 196 150 212 150 229 154 242 171 254L408 500 167 742C138 771 138 800 167 829 196 858 225 858 254 829L496 587 738 829C750 842 767 846 783 846 800 846 817 842 829 829 842 817 846 804 846 783 846 767 842 750 829 737L588 500 833 258C863 229 863 200 833 171 804 137 775 137 742 167Z\"><\/path><\/svg>\t\t<\/div>\n\t\t\t\t\t<nav class=\"elementor-nav-menu--dropdown elementor-nav-menu__container\" aria-hidden=\"true\">\n\t\t\t\t<ul id=\"menu-2-fa34448\" class=\"elementor-nav-menu sm-vertical\"><li class=\"menu-item menu-item-type-post_type menu-item-object-page menu-item-50013\"><a href=\"https:\/\/teknei.com\/en\/legal-notice\/\" class=\"elementor-item\" tabindex=\"-1\">Legal Notice<\/a><\/li>\n<li class=\"menu-item menu-item-type-post_type menu-item-object-page menu-item-50353\"><a href=\"https:\/\/teknei.com\/en\/cookies-policy\/\" class=\"elementor-item\" tabindex=\"-1\">Cookies Policy<\/a><\/li>\n<li class=\"menu-item menu-item-type-post_type menu-item-object-page menu-item-50350\"><a href=\"https:\/\/teknei.com\/en\/privacy-notice\/\" class=\"elementor-item\" tabindex=\"-1\">Privacy Notice<\/a><\/li>\n<li class=\"menu-item menu-item-type-post_type menu-item-object-page menu-item-50011\"><a href=\"https:\/\/teknei.com\/en\/code-of-conduct\/\" class=\"elementor-item\" tabindex=\"-1\">Code of Conduct<\/a><\/li>\n<li class=\"menu-item menu-item-type-post_type menu-item-object-page menu-item-50012\"><a href=\"https:\/\/teknei.com\/en\/complaint-channel\/\" class=\"elementor-item\" tabindex=\"-1\">Complaint Channel<\/a><\/li>\n<li class=\"menu-item menu-item-type-post_type menu-item-object-page menu-item-50351\"><a href=\"https:\/\/teknei.com\/en\/gis-policy\/\" class=\"elementor-item\" tabindex=\"-1\">GIS Policy<\/a><\/li>\n<li class=\"menu-item menu-item-type-post_type menu-item-object-page menu-item-50137\"><a href=\"https:\/\/teknei.com\/en\/information-security-policy-with-suppliers\/\" class=\"elementor-item\" tabindex=\"-1\">Information Security Policy with Suppliers<\/a><\/li>\n<li class=\"menu-item menu-item-type-post_type menu-item-object-page menu-item-50136\"><a href=\"https:\/\/teknei.com\/en\/environmental-policy\/\" class=\"elementor-item\" tabindex=\"-1\">Environmental policy<\/a><\/li>\n<li class=\"menu-item menu-item-type-post_type menu-item-object-page menu-item-50138\"><a href=\"https:\/\/teknei.com\/en\/strategic-vision-rdi\/\" class=\"elementor-item\" tabindex=\"-1\">Strategic vision R&amp;D&amp;I<\/a><\/li>\n<\/ul>\t\t\t<\/nav>\n\t\t\t\t\t\t<\/div>\n\t\t\t\t<\/div>\n\t\t\t\t<\/div>\n\t\t<div class=\"elementor-element elementor-element-a6d05bc e-con-full e-flex e-con e-child\" data-id=\"a6d05bc\" data-element_type=\"container\" data-e-type=\"container\">\n\t\t\t\t<div class=\"elementor-element elementor-element-bbfcf4e elementor-widget elementor-widget-text-editor\" data-id=\"bbfcf4e\" data-element_type=\"widget\" data-e-type=\"widget\" data-widget_type=\"text-editor.default\">\n\t\t\t\t<div class=\"elementor-widget-container\">\n\t\t\t\t\t\t\t\t\t<p>GRUPO TEKNEI IT S.L. makes available to all the people of its organization, employees, shareholders, customers and companies and suppliers, a mailbox or channel of complaints, in which to communicate any action relating to non-compliance with the Code of Conduct.<\/p><p>The whistle-blowing channel will be managed by the Regulatory Compliance Committee with the guarantees of confidentiality, independence and protection required by national and international regulations.<\/p><p>The objective of the channel is to establish a tool whereby those who identify any irregular or inappropriate conduct within the company can report it without fear of reprisals and guaranteeing confidentiality.<\/p><p>Those persons who detect or know of any irregular conduct or conduct that violates the provisions of the Internal Code of Conduct, may send an e-mail to the following address, detailing as much as possible the complaint they are making:<\/p><p><a href=\"mailto:canaldenuncias@aitabogados.com\">canaldenuncias@aitabogados.com<\/a><\/p><p>Subsequently, the Regulatory Compliance Committee will be in charge of managing and investigating such complaint in accordance with the procedure established for such purpose.<\/p><p>For more information, you can access <strong>Teknei&#8217;<\/strong>s <strong>Code of Ethics and Legal Compliance<\/strong>, public and accessible through the following link: <a href=\"https:\/\/www.teknei.com\/wp-content\/uploads\/2024\/12\/CODIGO-ETICO-GRUPO-TEKNEI-IT-S.L.pdf\">teknei.com\/wp-content\/uploads\/2024\/12\/CODIGO-ETICO-GRUPO-TEKNEI-IT-S.L.pdf<\/a><\/p>\t\t\t\t\t\t\t\t<\/div>\n\t\t\t\t<\/div>\n\t\t\t\t<div class=\"elementor-element elementor-element-46ef0da neuros-button-type-alt neuros-button-border-style-gradient neuros-button-bakground-style-solid elementor-widget elementor-widget-neuros_button\" data-id=\"46ef0da\" data-element_type=\"widget\" data-e-type=\"widget\" data-widget_type=\"neuros_button.default\">\n\t\t\t\t<div class=\"elementor-widget-container\">\n\t\t\t\t\t\n        <div class=\"button-widget\">\n            <div class=\"button-container\">\n                                <a class=\"neuros-button\" href=\"\/wp-content\/uploads\/2025\/10\/3.%2020251020%20-%20GRUPO%20TEKNEI%20-%20Co\u0301digo%20E\u0301tico.pdf\" href=\"\/wp-content\/uploads\/2025\/10\/3.%2020251020%20-%20GRUPO%20TEKNEI%20-%20Co\u0301digo%20E\u0301tico.pdf\" target=\"_blank\">C\u00f3digo \u00e9tico Grupo Teknei                        <span class=\"icon-button-arrow left\"><\/span><span class=\"icon-button-arrow right\"><\/span>                    \n                    <span class=\"button-inner\"><\/span>\n                <\/a>\n                            <\/div>\n        <\/div>\n        \t\t\t\t<\/div>\n\t\t\t\t<\/div>\n\t\t\t\t<\/div>\n\t\t\t\t\t<\/div>\n\t\t\t\t<\/div>\n\t\t\t\t<\/div>\n\t\t<div id=\"e-n-tab-content-2258842192\" role=\"tabpanel\" aria-labelledby=\"e-n-tab-title-2258842192\" data-tab-index=\"2\" style=\"--n-tabs-title-order: 2;\" class=\" elementor-element elementor-element-fcd8b45 e-flex e-con-boxed e-con e-child\" data-id=\"fcd8b45\" data-element_type=\"container\" data-e-type=\"container\">\n\t\t\t\t\t<div class=\"e-con-inner\">\n\t\t<div class=\"elementor-element elementor-element-7d1ce5f e-con-full e-flex e-con e-child\" data-id=\"7d1ce5f\" data-element_type=\"container\" data-e-type=\"container\">\n\t\t<div class=\"elementor-element elementor-element-495bb5d e-con-full e-flex e-con e-child\" data-id=\"495bb5d\" data-element_type=\"container\" data-e-type=\"container\">\n\t\t\t\t<div class=\"elementor-element elementor-element-2e2ce9f elementor-nav-menu--dropdown-tablet elementor-nav-menu__text-align-aside elementor-nav-menu--toggle elementor-nav-menu--burger elementor-widget elementor-widget-nav-menu\" data-id=\"2e2ce9f\" data-element_type=\"widget\" data-e-type=\"widget\" data-settings=\"{&quot;layout&quot;:&quot;vertical&quot;,&quot;submenu_icon&quot;:{&quot;value&quot;:&quot;&lt;svg aria-hidden=\\&quot;true\\&quot; class=\\&quot;e-font-icon-svg e-fas-caret-down\\&quot; viewBox=\\&quot;0 0 320 512\\&quot; xmlns=\\&quot;http:\\\/\\\/www.w3.org\\\/2000\\\/svg\\&quot;&gt;&lt;path d=\\&quot;M31.3 192h257.3c17.8 0 26.7 21.5 14.1 34.1L174.1 354.8c-7.8 7.8-20.5 7.8-28.3 0L17.2 226.1C4.6 213.5 13.5 192 31.3 192z\\&quot;&gt;&lt;\\\/path&gt;&lt;\\\/svg&gt;&quot;,&quot;library&quot;:&quot;fa-solid&quot;},&quot;toggle&quot;:&quot;burger&quot;}\" data-widget_type=\"nav-menu.default\">\n\t\t\t\t<div class=\"elementor-widget-container\">\n\t\t\t\t\t\t\t\t<nav aria-label=\"Men\u00fa\" class=\"elementor-nav-menu--main elementor-nav-menu__container elementor-nav-menu--layout-vertical e--pointer-text e--animation-none\">\n\t\t\t\t<ul id=\"menu-1-2e2ce9f\" class=\"elementor-nav-menu sm-vertical\"><li class=\"menu-item menu-item-type-post_type menu-item-object-page menu-item-49461\"><a href=\"https:\/\/teknei.com\/aviso-de-privacidad-mx\/\" class=\"elementor-item\">Privacy Notice<\/a><\/li>\n<li class=\"menu-item menu-item-type-post_type menu-item-object-page menu-item-49460\"><a href=\"https:\/\/teknei.com\/politica-de-calidad-mx\/\" class=\"elementor-item\">Quality Policy<\/a><\/li>\n<li class=\"menu-item menu-item-type-post_type menu-item-object-page menu-item-49459\"><a href=\"https:\/\/teknei.com\/politica-general-de-seguridad-de-la-informacion-mx\/\" class=\"elementor-item\">General Information Security Policy<\/a><\/li>\n<\/ul>\t\t\t<\/nav>\n\t\t\t\t\t<div class=\"elementor-menu-toggle\" role=\"button\" tabindex=\"0\" aria-label=\"Menu Toggle\" aria-expanded=\"false\">\n\t\t\t<svg aria-hidden=\"true\" role=\"presentation\" class=\"elementor-menu-toggle__icon--open e-font-icon-svg e-eicon-menu-bar\" viewBox=\"0 0 1000 1000\" xmlns=\"http:\/\/www.w3.org\/2000\/svg\"><path d=\"M104 333H896C929 333 958 304 958 271S929 208 896 208H104C71 208 42 237 42 271S71 333 104 333ZM104 583H896C929 583 958 554 958 521S929 458 896 458H104C71 458 42 487 42 521S71 583 104 583ZM104 833H896C929 833 958 804 958 771S929 708 896 708H104C71 708 42 737 42 771S71 833 104 833Z\"><\/path><\/svg><svg aria-hidden=\"true\" role=\"presentation\" class=\"elementor-menu-toggle__icon--close e-font-icon-svg e-eicon-close\" viewBox=\"0 0 1000 1000\" xmlns=\"http:\/\/www.w3.org\/2000\/svg\"><path d=\"M742 167L500 408 258 167C246 154 233 150 217 150 196 150 179 158 167 167 154 179 150 196 150 212 150 229 154 242 171 254L408 500 167 742C138 771 138 800 167 829 196 858 225 858 254 829L496 587 738 829C750 842 767 846 783 846 800 846 817 842 829 829 842 817 846 804 846 783 846 767 842 750 829 737L588 500 833 258C863 229 863 200 833 171 804 137 775 137 742 167Z\"><\/path><\/svg>\t\t<\/div>\n\t\t\t\t\t<nav class=\"elementor-nav-menu--dropdown elementor-nav-menu__container\" aria-hidden=\"true\">\n\t\t\t\t<ul id=\"menu-2-2e2ce9f\" class=\"elementor-nav-menu sm-vertical\"><li class=\"menu-item menu-item-type-post_type menu-item-object-page menu-item-49461\"><a href=\"https:\/\/teknei.com\/aviso-de-privacidad-mx\/\" class=\"elementor-item\" tabindex=\"-1\">Privacy Notice<\/a><\/li>\n<li class=\"menu-item menu-item-type-post_type menu-item-object-page menu-item-49460\"><a href=\"https:\/\/teknei.com\/politica-de-calidad-mx\/\" class=\"elementor-item\" tabindex=\"-1\">Quality Policy<\/a><\/li>\n<li class=\"menu-item menu-item-type-post_type menu-item-object-page menu-item-49459\"><a href=\"https:\/\/teknei.com\/politica-general-de-seguridad-de-la-informacion-mx\/\" class=\"elementor-item\" tabindex=\"-1\">General Information Security Policy<\/a><\/li>\n<\/ul>\t\t\t<\/nav>\n\t\t\t\t\t\t<\/div>\n\t\t\t\t<\/div>\n\t\t\t\t<\/div>\n\t\t<div class=\"elementor-element elementor-element-473a4ee e-con-full e-flex e-con e-child\" data-id=\"473a4ee\" data-element_type=\"container\" data-e-type=\"container\">\n\t\t\t\t<div class=\"elementor-element elementor-element-fb20112 elementor-widget elementor-widget-text-editor\" data-id=\"fb20112\" data-element_type=\"widget\" data-e-type=\"widget\" data-widget_type=\"text-editor.default\">\n\t\t\t\t<div class=\"elementor-widget-container\">\n\t\t\t\t\t\t\t\t\t<p><small>(Redacci\u00f3n vigente desde el 3\/1\/2025)<\/small><\/p><p>El presente documento constituye el<strong>\u00a0Aviso de Privacidad<\/strong>\u00a0para efectos de lo dispuesto en la Ley Federal de Protecci\u00f3n de Datos Personales en Posesi\u00f3n de los Particulares (la \u201cLFPDP\u201d) y las disposiciones que emanan de ella o se relacionan con la misma y tiene por objeto informar a los titulares los alcances y condiciones generales del tratamiento de sus datos personales, a fin de que est\u00e9n en posibilidades de tomar decisiones informadas sobre el trato de los mismos.<\/p><h4><strong>I. IDENTIDAD Y DOMICILIO DEL RESPONSABLE<\/strong><\/h4><p>Teknei, Sociedad An\u00f3nima de Capital Variable (el \u201cResponsable\u201d), con domicilio en calle Masaryk 101, oficina 1401, interior 43, Col. Polanco, Del. Miguel Hidalgo, C.P. 11560, Ciudad de M\u00e9xico, M\u00e9xico, es responsable de recabar datos personales y datos personales sensibles del Titular, del manejo de los mismos y de su protecci\u00f3n<\/p><h4><strong>II. DATOS PERSONALES QUE SE TRATAR\u00c1N<\/strong><\/h4><p>Para llevar a cabo la correcta prestaci\u00f3n de los servicios del Responsable recabaremos datos personales del Titular mediante la entrega personal, directa o mediante la transferencia de los mismos, previo consentimiento otorgado por el Titular a los Responsables o sus Encargados, as\u00ed mismo, el Responsable puede recabar datos personales de manera indirecta a trav\u00e9s de fuentes de acceso p\u00fablico y de otras fuentes disponibles en el mercado, as\u00ed mismo, recabamos sus datos personales a trav\u00e9s del sitio web www.teknei.com.<\/p><p>Los datos personales que recabamos para la prestaci\u00f3n de los servicios son datos de Identificaci\u00f3n, tales como: (i) Nombre, (ii) Correo electr\u00f3nico, y (iii) Empresa, en los casos en que aplique.<\/p><h4><strong>III. FINALIDAD DEL TRATAMIENTO<\/strong><\/h4><h5><strong>Finalidades Primarias<\/strong><\/h5><p>Los datos personales que se proporcionen al Responsable ser\u00e1n utilizados para contactarlo, toda vez que ha mostrado su inter\u00e9s en cualquiera de nuestros servicios al visitar nuestro sitio web, y principalmente al realizar el llenado de nuestro formulario de contacto, y en ese sentido poder ofrecerle la atenci\u00f3n que se merece.<\/p><h5><strong>Finalidades Secundarias.<\/strong><\/h5><p>Los datos personales que usted le proporcione al Responsable podr\u00e1n ser utilizados para llevar a cabo finalidades secundarias con fines estad\u00edsticos o publicitarios, es decir, que el Responsable podr\u00e1 utilizar sus datos para determinar el n\u00famero de solicitudes atendidas a trav\u00e9s de su sitio web, o bien, enviarle informaci\u00f3n relativa a la prestaci\u00f3n de nuestros servicios o nuestro newsletter.<\/p><p>Si usted no est\u00e1 de acuerdo en que sus datos personales sean utilizados para las finalidades secundarias antes descritas, usted podr\u00e1 negarse mediante el env\u00edo de un correo electr\u00f3nico a la direcci\u00f3n\u00a0<a href=\"mailto:oficialdedatos@teknei.com\">oficialdedatos@teknei.com<\/a>\u00a0\u00fanicamente manifestando que no consiente que el Responsable utilice sus datos personales para las finalidades secundarias, debiendo indicar en su solicitud los datos que permitan identificarlo dentro de nuestros registros o bases de datos.<\/p><h4><strong>IV. MECANISMOS PARA EL EJERCICIO DE DERECHOS A.R.C.O.<\/strong><\/h4><p>El Responsable ha implementado un mecanismo para que el titular conozca \u00bfQu\u00e9 datos tenemos del titular?, \u00bfPara qu\u00e9 los utilizamos?, y las condiciones del uso que se les da (Acceso), asimismo, el titular podr\u00e1 solicitar la correcci\u00f3n de la informaci\u00f3n que tiene el Responsable toda vez que la misma este desactualizada, inexacta o incompleta (Rectificaci\u00f3n), que sea eliminada de nuestros registros o bases de datos cuando se considere que la misma no est\u00e1 siendo utilizada conforme a los principios, deberes y obligaciones previstas en la normativa (Cancelaci\u00f3n), as\u00ed como, para oponerse al uso de sus datos personales para fines espec\u00edficos (Oposici\u00f3n).<\/p><p>En ese sentido, usted en cualquier momento podr\u00e1 ejercitar los anteriores derechos sobre los datos personales que se encuentran en posesi\u00f3n del Responsable, mediante el env\u00edo de una solicitud por escrito a trav\u00e9s del correo electr\u00f3nico\u00a0<a href=\"mailto:oficialdedatos@teknei.com\">oficialdedatos@teknei.com<\/a>\u00a0acompa\u00f1ado de la siguiente informaci\u00f3n:<\/p><ul><li>Nombre del titular, as\u00ed como un domicilio, n\u00famero telef\u00f3nico o alg\u00fan otro medio de contacto para dar respuesta a la solicitud.<\/li><li>Los documentos oficiales que acrediten la personalidad del titular de los datos.<\/li><li>Una descripci\u00f3n clara respecto de las modificaciones que desea utilizar sobre sus datos personales, o bien si es posible, cualquier otro documento que permita facilitar la localizaci\u00f3n de los datos personales.<\/li><\/ul><p>Una vez recibida su solicitud el Responsable contar\u00e1 con un plazo no mayor a 15 (quince) d\u00edas naturales para atender dicha petici\u00f3n y enviarle un informe sobre la misma a trav\u00e9s del medio de contacto que se proporcione.<\/p><h4><strong>V. MECANISMOS Y PROCEDIMIENTOS PARA LA REVOCACI\u00d3N DEL CONSENTIMIENTO<\/strong><\/h4><p>El Responsable pone a disposici\u00f3n la oficina de datos personales ubicada en Masaryk 101, oficina 1401, interior 43, Colonia Polanco, Alcald\u00eda Miguel Hidalgo, C.P. 11560, Ciudad de M\u00e9xico, M\u00e9xico, en la cual el titular mediante el llenado de los formatos correspondientes podr\u00e1 revocar el consentimiento de uso de sus datos personales en posesi\u00f3n del Responsable, as\u00ed mismo el titular podr\u00e1 revocar el consentimiento mediante correo electr\u00f3nico a la cuenta\u00a0<a href=\"mailto:oficialdedatos@teknei.com\">oficialdedatos@teknei.com<\/a>\u00a0en donde deber\u00e1 explicar de manera detallada su petici\u00f3n de revocaci\u00f3n, y el Responsable en un plazo no mayor a 3 d\u00edas naturales le enviar\u00e1 un informe sobre la misma a trav\u00e9s del correo electr\u00f3nico en que se realiz\u00f3 la solicitud.<\/p><h4><strong>VI. USO DE COOKIES Y WEB BEACONS<\/strong><\/h4><p>El Responsable utiliza \u201ccookies\u201d y otras tecnolog\u00edas a trav\u00e9s de las cuales es posible monitorear su comportamiento como usuario de Internet, con la finalidad de brindarle un mejor servicio y experiencia de usuario al navegar en nuestro sitio web\u00a0<a href=\"http:\/\/www.teknei.com\/\">www.teknei.com<\/a>.<\/p><p>Los datos que obtenemos de esas tecnolog\u00edas de rastreo son los siguientes: (i) Horario de navegaci\u00f3n, (ii) Tiempo de navegaci\u00f3n en nuestro sitio web, (iii) Secciones consultadas, y (iv) P\u00e1ginas de Internet accedidas previo a la visita de la nuestra.<\/p><h4><strong>VII. CAMBIOS AL AVISO DE PRIVACIDAD<\/strong><\/h4><p>Para el caso en que el Responsable deba realizar modificaciones o actualizaciones al presente aviso de privacidad para la atenci\u00f3n de novedades legislativas, jurisprudenciales o pol\u00edticas internas, lo notificar\u00e1 en el sitio web\u00a0<a href=\"http:\/\/www.teknei.com\/\">www.teknei.com<\/a>\u00a0mediante la implementaci\u00f3n de un banner, por lo que se sugiere al titular de los datos, ingresar de forma peri\u00f3dica a dicho sitio web.<\/p><p>\u201c\u00daltima actualizaci\u00f3n realizada el 3 de enero de 2025\u201d<\/p>\t\t\t\t\t\t\t\t<\/div>\n\t\t\t\t<\/div>\n\t\t\t\t<\/div>\n\t\t\t\t<\/div>\n\t\t\t\t\t<\/div>\n\t\t\t\t<\/div>\n\t\t\t\t\t<\/div>\n\t\t<\/div>\n\t\t\t\t\t\t<\/div>\n\t\t\t\t<\/div>\n\t\t\t\t\t<\/div>\n\t\t\t\t<\/div>\n\t\t\t\t<\/div>\n\t\t","protected":false},"excerpt":{"rendered":"<p>Espa\u00f1a M\u00e9xico Aviso Legal Pol\u00edtica de Cookies Pol\u00edtica de Privacidad C\u00f3digo de Conducta Canal de Denuncia Pol\u00edtica del SIG Pol\u00edtica de Seguridad de la Informaci\u00f3n con Proveedores Pol\u00edtica medioambiental Visi\u00f3n estrat\u00e9gica I+D+i Aviso Legal Pol\u00edtica de Cookies Pol\u00edtica de Privacidad C\u00f3digo&#8230;<\/p>\n","protected":false},"author":7,"featured_media":44922,"parent":0,"menu_order":0,"comment_status":"closed","ping_status":"closed","template":"","meta":{"_acf_changed":false,"footnotes":""},"class_list":["post-47827","page","type-page","status-publish","has-post-thumbnail","hentry"],"acf":[],"_links":{"self":[{"href":"https:\/\/teknei.com\/en\/wp-json\/wp\/v2\/pages\/47827","targetHints":{"allow":["GET"]}}],"collection":[{"href":"https:\/\/teknei.com\/en\/wp-json\/wp\/v2\/pages"}],"about":[{"href":"https:\/\/teknei.com\/en\/wp-json\/wp\/v2\/types\/page"}],"author":[{"embeddable":true,"href":"https:\/\/teknei.com\/en\/wp-json\/wp\/v2\/users\/7"}],"replies":[{"embeddable":true,"href":"https:\/\/teknei.com\/en\/wp-json\/wp\/v2\/comments?post=47827"}],"version-history":[{"count":8,"href":"https:\/\/teknei.com\/en\/wp-json\/wp\/v2\/pages\/47827\/revisions"}],"predecessor-version":[{"id":50358,"href":"https:\/\/teknei.com\/en\/wp-json\/wp\/v2\/pages\/47827\/revisions\/50358"}],"wp:featuredmedia":[{"embeddable":true,"href":"https:\/\/teknei.com\/en\/wp-json\/wp\/v2\/media\/44922"}],"wp:attachment":[{"href":"https:\/\/teknei.com\/en\/wp-json\/wp\/v2\/media?parent=47827"}],"curies":[{"name":"wp","href":"https:\/\/api.w.org\/{rel}","templated":true}]}}