{"id":47835,"date":"2025-05-02T14:44:15","date_gmt":"2025-05-02T12:44:15","guid":{"rendered":"https:\/\/webteknei-wbyith26fq.live-website.com\/code-of-conduct\/"},"modified":"2025-12-03T10:12:05","modified_gmt":"2025-12-03T09:12:05","slug":"code-of-conduct","status":"publish","type":"page","link":"https:\/\/teknei.com\/en\/code-of-conduct\/","title":{"rendered":"Code of Conduct"},"content":{"rendered":"\t\t<div data-elementor-type=\"wp-page\" data-elementor-id=\"47835\" class=\"elementor elementor-47835 elementor-38078\" data-elementor-post-type=\"page\">\n\t\t\t\t<div class=\"elementor-element elementor-element-abd3ea7 e-flex e-con-boxed e-con e-parent\" data-id=\"abd3ea7\" data-element_type=\"container\" data-e-type=\"container\">\n\t\t\t\t\t<div class=\"e-con-inner\">\n\t\t\t\t<div class=\"elementor-element elementor-element-e63aff0 e-n-tabs-mobile elementor-widget elementor-widget-n-tabs\" data-id=\"e63aff0\" data-element_type=\"widget\" data-e-type=\"widget\" data-settings=\"{&quot;horizontal_scroll&quot;:&quot;disable&quot;}\" data-widget_type=\"nested-tabs.default\">\n\t\t\t\t<div class=\"elementor-widget-container\">\n\t\t\t\t\t\t\t<div class=\"e-n-tabs\" data-widget-number=\"241414128\" aria-label=\"Tabs. Open items with Enter or Space, close with Escape and navigate using the Arrow keys.\">\n\t\t\t<div class=\"e-n-tabs-heading\" role=\"tablist\">\n\t\t\t\t\t<button id=\"e-n-tab-title-2414141281\" data-tab-title-id=\"e-n-tab-title-2414141281\" class=\"e-n-tab-title\" aria-selected=\"true\" data-tab-index=\"1\" role=\"tab\" tabindex=\"0\" aria-controls=\"e-n-tab-content-2414141281\" style=\"--n-tabs-title-order: 1;\">\n\t\t\t\t\t\t<span class=\"e-n-tab-title-text\">\n\t\t\t\tSpain\t\t\t<\/span>\n\t\t<\/button>\n\t\t\t\t<button id=\"e-n-tab-title-2414141282\" data-tab-title-id=\"e-n-tab-title-2414141282\" class=\"e-n-tab-title\" aria-selected=\"false\" data-tab-index=\"2\" role=\"tab\" tabindex=\"-1\" aria-controls=\"e-n-tab-content-2414141282\" style=\"--n-tabs-title-order: 2;\">\n\t\t\t\t\t\t<span class=\"e-n-tab-title-text\">\n\t\t\t\tMexico\t\t\t<\/span>\n\t\t<\/button>\n\t\t\t\t\t<\/div>\n\t\t\t<div class=\"e-n-tabs-content\">\n\t\t\t\t<div id=\"e-n-tab-content-2414141281\" role=\"tabpanel\" aria-labelledby=\"e-n-tab-title-2414141281\" data-tab-index=\"1\" style=\"--n-tabs-title-order: 1;\" class=\"e-active elementor-element elementor-element-926067b e-con-full e-flex e-con e-child\" data-id=\"926067b\" data-element_type=\"container\" data-e-type=\"container\">\n\t\t<div class=\"elementor-element elementor-element-658ae68 e-flex e-con-boxed e-con e-child\" data-id=\"658ae68\" data-element_type=\"container\" data-e-type=\"container\">\n\t\t\t\t\t<div class=\"e-con-inner\">\n\t\t<div class=\"elementor-element elementor-element-5e6468a e-con-full e-flex e-con e-child\" data-id=\"5e6468a\" data-element_type=\"container\" data-e-type=\"container\">\n\t\t\t\t<div class=\"elementor-element elementor-element-6a9e99d elementor-widget__width-initial elementor-nav-menu--dropdown-tablet elementor-nav-menu__text-align-aside elementor-nav-menu--toggle elementor-nav-menu--burger elementor-widget elementor-widget-nav-menu\" data-id=\"6a9e99d\" data-element_type=\"widget\" data-e-type=\"widget\" data-settings=\"{&quot;layout&quot;:&quot;vertical&quot;,&quot;submenu_icon&quot;:{&quot;value&quot;:&quot;&lt;svg aria-hidden=\\&quot;true\\&quot; class=\\&quot;e-font-icon-svg e-fas-caret-down\\&quot; viewBox=\\&quot;0 0 320 512\\&quot; xmlns=\\&quot;http:\\\/\\\/www.w3.org\\\/2000\\\/svg\\&quot;&gt;&lt;path d=\\&quot;M31.3 192h257.3c17.8 0 26.7 21.5 14.1 34.1L174.1 354.8c-7.8 7.8-20.5 7.8-28.3 0L17.2 226.1C4.6 213.5 13.5 192 31.3 192z\\&quot;&gt;&lt;\\\/path&gt;&lt;\\\/svg&gt;&quot;,&quot;library&quot;:&quot;fa-solid&quot;},&quot;toggle&quot;:&quot;burger&quot;}\" data-widget_type=\"nav-menu.default\">\n\t\t\t\t<div class=\"elementor-widget-container\">\n\t\t\t\t\t\t\t\t<nav aria-label=\"Men\u00fa\" class=\"elementor-nav-menu--main elementor-nav-menu__container elementor-nav-menu--layout-vertical e--pointer-none\">\n\t\t\t\t<ul id=\"menu-1-6a9e99d\" class=\"elementor-nav-menu sm-vertical\"><li class=\"menu-item menu-item-type-post_type menu-item-object-page menu-item-50013\"><a href=\"https:\/\/teknei.com\/en\/legal-notice\/\" class=\"elementor-item\">Legal Notice<\/a><\/li>\n<li class=\"menu-item menu-item-type-post_type menu-item-object-page menu-item-50353\"><a href=\"https:\/\/teknei.com\/en\/cookies-policy\/\" class=\"elementor-item\">Cookies Policy<\/a><\/li>\n<li class=\"menu-item menu-item-type-post_type menu-item-object-page menu-item-50350\"><a href=\"https:\/\/teknei.com\/en\/privacy-notice\/\" class=\"elementor-item\">Privacy Notice<\/a><\/li>\n<li class=\"menu-item menu-item-type-post_type menu-item-object-page menu-item-50011\"><a href=\"https:\/\/teknei.com\/en\/code-of-conduct\/\" class=\"elementor-item\">Code of Conduct<\/a><\/li>\n<li class=\"menu-item menu-item-type-post_type menu-item-object-page menu-item-50012\"><a href=\"https:\/\/teknei.com\/en\/complaint-channel\/\" class=\"elementor-item\">Complaint Channel<\/a><\/li>\n<li class=\"menu-item menu-item-type-post_type menu-item-object-page menu-item-50351\"><a href=\"https:\/\/teknei.com\/en\/gis-policy\/\" class=\"elementor-item\">GIS Policy<\/a><\/li>\n<li class=\"menu-item menu-item-type-post_type menu-item-object-page menu-item-50137\"><a href=\"https:\/\/teknei.com\/en\/information-security-policy-with-suppliers\/\" class=\"elementor-item\">Information Security Policy with Suppliers<\/a><\/li>\n<li class=\"menu-item menu-item-type-post_type menu-item-object-page menu-item-50136\"><a href=\"https:\/\/teknei.com\/en\/environmental-policy\/\" class=\"elementor-item\">Environmental policy<\/a><\/li>\n<li class=\"menu-item menu-item-type-post_type menu-item-object-page menu-item-50138\"><a href=\"https:\/\/teknei.com\/en\/strategic-vision-rdi\/\" class=\"elementor-item\">Strategic vision R&amp;D&amp;I<\/a><\/li>\n<\/ul>\t\t\t<\/nav>\n\t\t\t\t\t<div class=\"elementor-menu-toggle\" role=\"button\" tabindex=\"0\" aria-label=\"Menu Toggle\" aria-expanded=\"false\">\n\t\t\t<svg aria-hidden=\"true\" role=\"presentation\" class=\"elementor-menu-toggle__icon--open e-font-icon-svg e-eicon-menu-bar\" viewBox=\"0 0 1000 1000\" xmlns=\"http:\/\/www.w3.org\/2000\/svg\"><path d=\"M104 333H896C929 333 958 304 958 271S929 208 896 208H104C71 208 42 237 42 271S71 333 104 333ZM104 583H896C929 583 958 554 958 521S929 458 896 458H104C71 458 42 487 42 521S71 583 104 583ZM104 833H896C929 833 958 804 958 771S929 708 896 708H104C71 708 42 737 42 771S71 833 104 833Z\"><\/path><\/svg><svg aria-hidden=\"true\" role=\"presentation\" class=\"elementor-menu-toggle__icon--close e-font-icon-svg e-eicon-close\" viewBox=\"0 0 1000 1000\" xmlns=\"http:\/\/www.w3.org\/2000\/svg\"><path d=\"M742 167L500 408 258 167C246 154 233 150 217 150 196 150 179 158 167 167 154 179 150 196 150 212 150 229 154 242 171 254L408 500 167 742C138 771 138 800 167 829 196 858 225 858 254 829L496 587 738 829C750 842 767 846 783 846 800 846 817 842 829 829 842 817 846 804 846 783 846 767 842 750 829 737L588 500 833 258C863 229 863 200 833 171 804 137 775 137 742 167Z\"><\/path><\/svg>\t\t<\/div>\n\t\t\t\t\t<nav class=\"elementor-nav-menu--dropdown elementor-nav-menu__container\" aria-hidden=\"true\">\n\t\t\t\t<ul id=\"menu-2-6a9e99d\" class=\"elementor-nav-menu sm-vertical\"><li class=\"menu-item menu-item-type-post_type menu-item-object-page menu-item-50013\"><a href=\"https:\/\/teknei.com\/en\/legal-notice\/\" class=\"elementor-item\" tabindex=\"-1\">Legal Notice<\/a><\/li>\n<li class=\"menu-item menu-item-type-post_type menu-item-object-page menu-item-50353\"><a href=\"https:\/\/teknei.com\/en\/cookies-policy\/\" class=\"elementor-item\" tabindex=\"-1\">Cookies Policy<\/a><\/li>\n<li class=\"menu-item menu-item-type-post_type menu-item-object-page menu-item-50350\"><a href=\"https:\/\/teknei.com\/en\/privacy-notice\/\" class=\"elementor-item\" tabindex=\"-1\">Privacy Notice<\/a><\/li>\n<li class=\"menu-item menu-item-type-post_type menu-item-object-page menu-item-50011\"><a href=\"https:\/\/teknei.com\/en\/code-of-conduct\/\" class=\"elementor-item\" tabindex=\"-1\">Code of Conduct<\/a><\/li>\n<li class=\"menu-item menu-item-type-post_type menu-item-object-page menu-item-50012\"><a href=\"https:\/\/teknei.com\/en\/complaint-channel\/\" class=\"elementor-item\" tabindex=\"-1\">Complaint Channel<\/a><\/li>\n<li class=\"menu-item menu-item-type-post_type menu-item-object-page menu-item-50351\"><a href=\"https:\/\/teknei.com\/en\/gis-policy\/\" class=\"elementor-item\" tabindex=\"-1\">GIS Policy<\/a><\/li>\n<li class=\"menu-item menu-item-type-post_type menu-item-object-page menu-item-50137\"><a href=\"https:\/\/teknei.com\/en\/information-security-policy-with-suppliers\/\" class=\"elementor-item\" tabindex=\"-1\">Information Security Policy with Suppliers<\/a><\/li>\n<li class=\"menu-item menu-item-type-post_type menu-item-object-page menu-item-50136\"><a href=\"https:\/\/teknei.com\/en\/environmental-policy\/\" class=\"elementor-item\" tabindex=\"-1\">Environmental policy<\/a><\/li>\n<li class=\"menu-item menu-item-type-post_type menu-item-object-page menu-item-50138\"><a href=\"https:\/\/teknei.com\/en\/strategic-vision-rdi\/\" class=\"elementor-item\" tabindex=\"-1\">Strategic vision R&amp;D&amp;I<\/a><\/li>\n<\/ul>\t\t\t<\/nav>\n\t\t\t\t\t\t<\/div>\n\t\t\t\t<\/div>\n\t\t\t\t<\/div>\n\t\t<div class=\"elementor-element elementor-element-ab33b12 e-con-full e-flex e-con e-child\" data-id=\"ab33b12\" data-element_type=\"container\" data-e-type=\"container\">\n\t\t\t\t<div class=\"elementor-element elementor-element-276fd20 elementor-widget elementor-widget-text-editor\" data-id=\"276fd20\" data-element_type=\"widget\" data-e-type=\"widget\" data-widget_type=\"text-editor.default\">\n\t\t\t\t<div class=\"elementor-widget-container\">\n\t\t\t\t\t\t\t\t\tYou can download and consult the code of conduct at the following link.\t\t\t\t\t\t\t\t<\/div>\n\t\t\t\t<\/div>\n\t\t\t\t<div class=\"elementor-element elementor-element-1a4099e neuros-button-border-style-gradient neuros-button-bakground-style-solid elementor-widget elementor-widget-neuros_button\" data-id=\"1a4099e\" data-element_type=\"widget\" data-e-type=\"widget\" data-widget_type=\"neuros_button.default\">\n\t\t\t\t<div class=\"elementor-widget-container\">\n\t\t\t\t\t\n        <div class=\"button-widget\">\n            <div class=\"button-container\">\n                                <a class=\"neuros-button\" href=\"\/wp-content\/uploads\/2025\/05\/CODIGO-CONDUCTA-GRUPO-TEKNEI-IT-SL.pdf\" href=\"\/wp-content\/uploads\/2025\/05\/CODIGO-CONDUCTA-GRUPO-TEKNEI-IT-SL.pdf\" target=\"_blank\">Download Code of Conduct                        <span class=\"icon-button-arrow left\"><\/span><span class=\"icon-button-arrow right\"><\/span>                    \n                    <span class=\"button-inner\"><\/span>\n                <\/a>\n                            <\/div>\n        <\/div>\n        \t\t\t\t<\/div>\n\t\t\t\t<\/div>\n\t\t\t\t<\/div>\n\t\t\t\t\t<\/div>\n\t\t\t\t<\/div>\n\t\t\t\t<\/div>\n\t\t<div id=\"e-n-tab-content-2414141282\" role=\"tabpanel\" aria-labelledby=\"e-n-tab-title-2414141282\" data-tab-index=\"2\" style=\"--n-tabs-title-order: 2;\" class=\" elementor-element elementor-element-0a45a4e e-flex e-con-boxed e-con e-child\" data-id=\"0a45a4e\" data-element_type=\"container\" data-e-type=\"container\">\n\t\t\t\t\t<div class=\"e-con-inner\">\n\t\t<div class=\"elementor-element elementor-element-162673c e-con-full e-flex e-con e-child\" data-id=\"162673c\" data-element_type=\"container\" data-e-type=\"container\">\n\t\t<div class=\"elementor-element elementor-element-d12acb3 e-con-full e-flex e-con e-child\" data-id=\"d12acb3\" data-element_type=\"container\" data-e-type=\"container\">\n\t\t\t\t<div class=\"elementor-element elementor-element-7555ab6 elementor-widget__width-initial elementor-nav-menu--dropdown-tablet elementor-nav-menu__text-align-aside elementor-nav-menu--toggle elementor-nav-menu--burger elementor-widget elementor-widget-nav-menu\" data-id=\"7555ab6\" data-element_type=\"widget\" data-e-type=\"widget\" data-settings=\"{&quot;layout&quot;:&quot;vertical&quot;,&quot;submenu_icon&quot;:{&quot;value&quot;:&quot;&lt;svg aria-hidden=\\&quot;true\\&quot; class=\\&quot;e-font-icon-svg e-fas-caret-down\\&quot; viewBox=\\&quot;0 0 320 512\\&quot; xmlns=\\&quot;http:\\\/\\\/www.w3.org\\\/2000\\\/svg\\&quot;&gt;&lt;path d=\\&quot;M31.3 192h257.3c17.8 0 26.7 21.5 14.1 34.1L174.1 354.8c-7.8 7.8-20.5 7.8-28.3 0L17.2 226.1C4.6 213.5 13.5 192 31.3 192z\\&quot;&gt;&lt;\\\/path&gt;&lt;\\\/svg&gt;&quot;,&quot;library&quot;:&quot;fa-solid&quot;},&quot;toggle&quot;:&quot;burger&quot;}\" data-widget_type=\"nav-menu.default\">\n\t\t\t\t<div class=\"elementor-widget-container\">\n\t\t\t\t\t\t\t\t<nav aria-label=\"Men\u00fa\" class=\"elementor-nav-menu--main elementor-nav-menu__container elementor-nav-menu--layout-vertical e--pointer-none\">\n\t\t\t\t<ul id=\"menu-1-7555ab6\" class=\"elementor-nav-menu sm-vertical\"><li class=\"menu-item menu-item-type-post_type menu-item-object-page menu-item-49461\"><a href=\"https:\/\/teknei.com\/aviso-de-privacidad-mx\/\" class=\"elementor-item\">Privacy Notice<\/a><\/li>\n<li class=\"menu-item menu-item-type-post_type menu-item-object-page menu-item-49460\"><a href=\"https:\/\/teknei.com\/politica-de-calidad-mx\/\" class=\"elementor-item\">Quality Policy<\/a><\/li>\n<li class=\"menu-item menu-item-type-post_type menu-item-object-page menu-item-49459\"><a href=\"https:\/\/teknei.com\/politica-general-de-seguridad-de-la-informacion-mx\/\" class=\"elementor-item\">General Information Security Policy<\/a><\/li>\n<\/ul>\t\t\t<\/nav>\n\t\t\t\t\t<div class=\"elementor-menu-toggle\" role=\"button\" tabindex=\"0\" aria-label=\"Menu Toggle\" aria-expanded=\"false\">\n\t\t\t<svg aria-hidden=\"true\" role=\"presentation\" class=\"elementor-menu-toggle__icon--open e-font-icon-svg e-eicon-menu-bar\" viewBox=\"0 0 1000 1000\" xmlns=\"http:\/\/www.w3.org\/2000\/svg\"><path d=\"M104 333H896C929 333 958 304 958 271S929 208 896 208H104C71 208 42 237 42 271S71 333 104 333ZM104 583H896C929 583 958 554 958 521S929 458 896 458H104C71 458 42 487 42 521S71 583 104 583ZM104 833H896C929 833 958 804 958 771S929 708 896 708H104C71 708 42 737 42 771S71 833 104 833Z\"><\/path><\/svg><svg aria-hidden=\"true\" role=\"presentation\" class=\"elementor-menu-toggle__icon--close e-font-icon-svg e-eicon-close\" viewBox=\"0 0 1000 1000\" xmlns=\"http:\/\/www.w3.org\/2000\/svg\"><path d=\"M742 167L500 408 258 167C246 154 233 150 217 150 196 150 179 158 167 167 154 179 150 196 150 212 150 229 154 242 171 254L408 500 167 742C138 771 138 800 167 829 196 858 225 858 254 829L496 587 738 829C750 842 767 846 783 846 800 846 817 842 829 829 842 817 846 804 846 783 846 767 842 750 829 737L588 500 833 258C863 229 863 200 833 171 804 137 775 137 742 167Z\"><\/path><\/svg>\t\t<\/div>\n\t\t\t\t\t<nav class=\"elementor-nav-menu--dropdown elementor-nav-menu__container\" aria-hidden=\"true\">\n\t\t\t\t<ul id=\"menu-2-7555ab6\" class=\"elementor-nav-menu sm-vertical\"><li class=\"menu-item menu-item-type-post_type menu-item-object-page menu-item-49461\"><a href=\"https:\/\/teknei.com\/aviso-de-privacidad-mx\/\" class=\"elementor-item\" tabindex=\"-1\">Privacy Notice<\/a><\/li>\n<li class=\"menu-item menu-item-type-post_type menu-item-object-page menu-item-49460\"><a href=\"https:\/\/teknei.com\/politica-de-calidad-mx\/\" class=\"elementor-item\" tabindex=\"-1\">Quality Policy<\/a><\/li>\n<li class=\"menu-item menu-item-type-post_type menu-item-object-page menu-item-49459\"><a href=\"https:\/\/teknei.com\/politica-general-de-seguridad-de-la-informacion-mx\/\" class=\"elementor-item\" tabindex=\"-1\">General Information Security Policy<\/a><\/li>\n<\/ul>\t\t\t<\/nav>\n\t\t\t\t\t\t<\/div>\n\t\t\t\t<\/div>\n\t\t\t\t<\/div>\n\t\t<div class=\"elementor-element elementor-element-1c7c617 e-con-full e-flex e-con e-child\" data-id=\"1c7c617\" data-element_type=\"container\" data-e-type=\"container\">\n\t\t\t\t<div class=\"elementor-element elementor-element-440f705 elementor-widget elementor-widget-text-editor\" data-id=\"440f705\" data-element_type=\"widget\" data-e-type=\"widget\" data-widget_type=\"text-editor.default\">\n\t\t\t\t<div class=\"elementor-widget-container\">\n\t\t\t\t\t\t\t\t\t<p><small>(Redacci\u00f3n vigente desde el 3\/1\/2025)<\/small><\/p><p>El presente documento constituye el<strong> Aviso de Privacidad<\/strong> para efectos de lo dispuesto en la Ley Federal de Protecci\u00f3n de Datos Personales en Posesi\u00f3n de los Particulares (la \u201cLFPDP\u201d) y las disposiciones que emanan de ella o se relacionan con la misma y tiene por objeto informar a los titulares los alcances y condiciones generales del tratamiento de sus datos personales, a fin de que est\u00e9n en posibilidades de tomar decisiones informadas sobre el trato de los mismos.<\/p><h4><strong>I. IDENTIDAD Y DOMICILIO DEL RESPONSABLE<\/strong><\/h4><p>Teknei, Sociedad An\u00f3nima de Capital Variable (el \u201cResponsable\u201d), con domicilio en calle Masaryk 101, oficina 1401, interior 43, Col. Polanco, Del. Miguel Hidalgo, C.P. 11560, Ciudad de M\u00e9xico, M\u00e9xico, es responsable de recabar datos personales y datos personales sensibles del Titular, del manejo de los mismos y de su protecci\u00f3n  <\/p><h4><strong>II. PERSONAL DATA TO BE PROCESSED <\/strong><\/h4><p>To carry out the proper provision of the services of the Responsible, we will collect personal data of the Data Controller through personal delivery, directly or through the transfer of the same, prior consent given by the Data Controller to the Responsible or its Agents, likewise, the Responsible may collect personal data indirectly through publicly available sources and other sources available in the market, likewise, we collect your personal data through the website www.teknei.com.<\/p><p>The personal data we collect for the provision of services are Identification data, such as: (i) Name, (ii) E-mail, and (iii) Company, in the applicable cases.   <\/p><h4><strong>III. PURPOSE OF PROCESSING <\/strong><\/h4><h5><strong>Primary Purposes<\/strong><\/h5><p>The personal data provided to the Responsible will be used to contact you, once you have shown your interest in any of our services by visiting our website, and mainly by filling out our contact form, and in that sense to offer you the attention you deserve.<\/p><h5><strong>Secondary Purposes.<\/strong><\/h5><p>The personal data you provide to the Controller may be used to carry out secondary purposes for statistical or advertising purposes, i.e., the Controller may use your data to determine the number of requests handled through its website, or send you information regarding the provision of our services or our newsletter.<\/p><p>If you do not agree that your personal data be used for the secondary purposes described above, you may refuse by sending an email to <a href=\"mailto:oficialdedatos@teknei.com\">oficialdedatos@teknei.com<\/a> only stating that you do not consent to the Responsible to use your personal data for secondary purposes, indicating in your request the data that allow us to identify you within our records or databases.<\/p><h4><strong>IV. MECHANISMS FOR THE EXERCISE OF A.R.C.O. RIGHTS <\/strong><\/h4><p>The Responsible has implemented a mechanism for the holder to know what information we have about the holder, what we use it for, and the conditions of use (Access), and the conditions of use given to them (Access), likewise, the holder may request the correction of the information held by the Controller whenever it is outdated, inaccurate or incomplete (Rectification), to be removed from our records or databases when it is considered that it is not being used in accordance with the principles, duties and obligations under the regulations (Cancellation), as well as to oppose the use of their personal data for specific purposes (Opposition).<\/p><p>In that sense, you may at any time exercise the above rights on personal data held by the Responsible, by sending a written request via email to <a href=\"mailto:oficialdedatos@teknei.com\">oficialdedatos@teknei.com<\/a> accompanied by the following information:<\/p><ul><li>Name of the owner, as well as an address, telephone number or other means of contact to respond to the request.<\/li><li>Official documents proving the personality of the owner of the data.<\/li><li>A clear description of the changes you wish to make to your personal data, or, if possible, any other document that makes it easier to locate the personal data.<\/li><\/ul><p>Once your request has been received, the Responsible Party will have a period of no more than 15 (fifteen) calendar days to respond to said request and send you a report on the same through the means of contact provided.<\/p><h4><strong>V. MECHANISMS AND PROCEDURES FOR THE REVOCATION OF CONSENT<\/strong><\/h4><p>The Responsible makes available the personal data office located at Masaryk 101, office 1401, interior 43, Colonia Polanco, Alcald\u00eda Miguel Hidalgo, C.P. 11560, Mexico City, Mexico, in which the holder by filling out the corresponding forms may revoke consent for the use of their personal data held by the Responsible, likewise the holder may revoke consent by email to the following address  <a href=\"mailto:oficialdedatos@teknei.com\">oficialdedatos@teknei.com<\/a>  in which you must explain in detail your request for revocation, and the Responsible will send you a report on it within a period not exceeding 3 calendar days through the email in which the request was made.<\/p><h4><strong>VI. USE OF COOKIES AND WEB BEACONS <\/strong><\/h4><p>The Responsible uses &#8220;cookies&#8221; and other technologies through which it is possible to monitor your behavior as an Internet user, in order to provide you with a better service and user experience when browsing our website <a href=\"http:\/\/www.teknei.com\/\">www.teknei.com.<\/a><\/p><p>The data we obtain from these tracking technologies are the following: (i) Browsing hours, (ii) Time spent browsing our website, (iii) Sections viewed, and (iv) Internet pages accessed prior to visiting our website.    <\/p><h4><strong>VII. CHANGES TO THE PRIVACY NOTICE <\/strong><\/h4><p>In the event that the Responsible Party must make changes or updates to this privacy notice in order to comply with new legislation, jurisprudence or internal policies, it will notify it on the website <a href=\"http:\/\/www.teknei.com\/\">www.teknei.com<\/a> by implementing a banner, so it is suggested to the owner of the data to periodically enter the website.<\/p><p>&#8220;Last updated on January 3, 2025.&#8221;<\/p>\t\t\t\t\t\t\t\t<\/div>\n\t\t\t\t<\/div>\n\t\t\t\t<\/div>\n\t\t\t\t<\/div>\n\t\t\t\t\t<\/div>\n\t\t\t\t<\/div>\n\t\t\t\t\t<\/div>\n\t\t<\/div>\n\t\t\t\t\t\t<\/div>\n\t\t\t\t<\/div>\n\t\t\t\t\t<\/div>\n\t\t\t\t<\/div>\n\t\t\t\t<\/div>\n\t\t","protected":false},"excerpt":{"rendered":"<p>Spain Mexico Aviso Legal Pol\u00edtica de Cookies Pol\u00edtica de Privacidad C\u00f3digo de Conducta Canal de Denuncia Pol\u00edtica del SIG Pol\u00edtica de Seguridad de la Informaci\u00f3n con Proveedores Pol\u00edtica medioambiental Visi\u00f3n estrat\u00e9gica I+D+i Aviso Legal Pol\u00edtica de Cookies Pol\u00edtica de Privacidad C\u00f3digo&#8230;<\/p>\n","protected":false},"author":7,"featured_media":44922,"parent":0,"menu_order":0,"comment_status":"closed","ping_status":"closed","template":"","meta":{"_acf_changed":false,"footnotes":""},"class_list":["post-47835","page","type-page","status-publish","has-post-thumbnail","hentry"],"acf":[],"_links":{"self":[{"href":"https:\/\/teknei.com\/en\/wp-json\/wp\/v2\/pages\/47835","targetHints":{"allow":["GET"]}}],"collection":[{"href":"https:\/\/teknei.com\/en\/wp-json\/wp\/v2\/pages"}],"about":[{"href":"https:\/\/teknei.com\/en\/wp-json\/wp\/v2\/types\/page"}],"author":[{"embeddable":true,"href":"https:\/\/teknei.com\/en\/wp-json\/wp\/v2\/users\/7"}],"replies":[{"embeddable":true,"href":"https:\/\/teknei.com\/en\/wp-json\/wp\/v2\/comments?post=47835"}],"version-history":[{"count":4,"href":"https:\/\/teknei.com\/en\/wp-json\/wp\/v2\/pages\/47835\/revisions"}],"predecessor-version":[{"id":50468,"href":"https:\/\/teknei.com\/en\/wp-json\/wp\/v2\/pages\/47835\/revisions\/50468"}],"wp:featuredmedia":[{"embeddable":true,"href":"https:\/\/teknei.com\/en\/wp-json\/wp\/v2\/media\/44922"}],"wp:attachment":[{"href":"https:\/\/teknei.com\/en\/wp-json\/wp\/v2\/media?parent=47835"}],"curies":[{"name":"wp","href":"https:\/\/api.w.org\/{rel}","templated":true}]}}