{"id":50016,"date":"2025-08-25T14:10:48","date_gmt":"2025-08-25T12:10:48","guid":{"rendered":"https:\/\/teknei.com\/environmental-policy\/"},"modified":"2025-11-19T12:37:14","modified_gmt":"2025-11-19T11:37:14","slug":"environmental-policy","status":"publish","type":"page","link":"https:\/\/teknei.com\/en\/environmental-policy\/","title":{"rendered":"Environmental policy"},"content":{"rendered":"\t\t<div data-elementor-type=\"wp-page\" data-elementor-id=\"50016\" class=\"elementor elementor-50016 elementor-44900\" data-elementor-post-type=\"page\">\n\t\t\t\t<div class=\"elementor-element elementor-element-b41e7a8 e-flex e-con-boxed e-con e-parent\" data-id=\"b41e7a8\" data-element_type=\"container\" data-e-type=\"container\">\n\t\t\t\t\t<div class=\"e-con-inner\">\n\t\t\t\t<div class=\"elementor-element elementor-element-5a98bb6 e-n-tabs-mobile elementor-widget elementor-widget-n-tabs\" data-id=\"5a98bb6\" data-element_type=\"widget\" data-e-type=\"widget\" data-settings=\"{&quot;horizontal_scroll&quot;:&quot;disable&quot;}\" data-widget_type=\"nested-tabs.default\">\n\t\t\t\t<div class=\"elementor-widget-container\">\n\t\t\t\t\t\t\t<div class=\"e-n-tabs\" data-widget-number=\"94997430\" aria-label=\"Tabs. Open items with Enter or Space, close with Escape and navigate using the Arrow keys.\">\n\t\t\t<div class=\"e-n-tabs-heading\" role=\"tablist\">\n\t\t\t\t\t<button id=\"e-n-tab-title-949974301\" data-tab-title-id=\"e-n-tab-title-949974301\" class=\"e-n-tab-title\" aria-selected=\"true\" data-tab-index=\"1\" role=\"tab\" tabindex=\"0\" aria-controls=\"e-n-tab-content-949974301\" style=\"--n-tabs-title-order: 1;\">\n\t\t\t\t\t\t<span class=\"e-n-tab-title-text\">\n\t\t\t\tSpain\t\t\t<\/span>\n\t\t<\/button>\n\t\t\t\t<button id=\"e-n-tab-title-949974302\" data-tab-title-id=\"e-n-tab-title-949974302\" class=\"e-n-tab-title\" aria-selected=\"false\" data-tab-index=\"2\" role=\"tab\" tabindex=\"-1\" aria-controls=\"e-n-tab-content-949974302\" style=\"--n-tabs-title-order: 2;\">\n\t\t\t\t\t\t<span class=\"e-n-tab-title-text\">\n\t\t\t\tMexico\t\t\t<\/span>\n\t\t<\/button>\n\t\t\t\t\t<\/div>\n\t\t\t<div class=\"e-n-tabs-content\">\n\t\t\t\t<div id=\"e-n-tab-content-949974301\" role=\"tabpanel\" aria-labelledby=\"e-n-tab-title-949974301\" data-tab-index=\"1\" style=\"--n-tabs-title-order: 1;\" class=\"e-active elementor-element elementor-element-311e0fb e-con-full e-flex e-con e-child\" data-id=\"311e0fb\" data-element_type=\"container\" data-e-type=\"container\">\n\t\t<div class=\"elementor-element elementor-element-cd2fd47 e-con-full e-flex e-con e-child\" data-id=\"cd2fd47\" data-element_type=\"container\" data-e-type=\"container\">\n\t\t<div class=\"elementor-element elementor-element-f840e19 e-con-full e-flex e-con e-child\" data-id=\"f840e19\" data-element_type=\"container\" data-e-type=\"container\">\n\t\t\t\t<div class=\"elementor-element elementor-element-3052a7b elementor-nav-menu--dropdown-tablet elementor-nav-menu__text-align-aside elementor-nav-menu--toggle elementor-nav-menu--burger elementor-widget elementor-widget-nav-menu\" data-id=\"3052a7b\" data-element_type=\"widget\" data-e-type=\"widget\" data-settings=\"{&quot;layout&quot;:&quot;vertical&quot;,&quot;submenu_icon&quot;:{&quot;value&quot;:&quot;&lt;svg aria-hidden=\\&quot;true\\&quot; class=\\&quot;e-font-icon-svg e-fas-caret-down\\&quot; viewBox=\\&quot;0 0 320 512\\&quot; xmlns=\\&quot;http:\\\/\\\/www.w3.org\\\/2000\\\/svg\\&quot;&gt;&lt;path d=\\&quot;M31.3 192h257.3c17.8 0 26.7 21.5 14.1 34.1L174.1 354.8c-7.8 7.8-20.5 7.8-28.3 0L17.2 226.1C4.6 213.5 13.5 192 31.3 192z\\&quot;&gt;&lt;\\\/path&gt;&lt;\\\/svg&gt;&quot;,&quot;library&quot;:&quot;fa-solid&quot;},&quot;toggle&quot;:&quot;burger&quot;}\" data-widget_type=\"nav-menu.default\">\n\t\t\t\t<div class=\"elementor-widget-container\">\n\t\t\t\t\t\t\t\t<nav aria-label=\"Men\u00fa\" class=\"elementor-nav-menu--main elementor-nav-menu__container elementor-nav-menu--layout-vertical e--pointer-none\">\n\t\t\t\t<ul id=\"menu-1-3052a7b\" class=\"elementor-nav-menu sm-vertical\"><li class=\"menu-item menu-item-type-post_type menu-item-object-page menu-item-50013\"><a href=\"https:\/\/teknei.com\/en\/legal-notice\/\" class=\"elementor-item\">Legal Notice<\/a><\/li>\n<li class=\"menu-item menu-item-type-post_type menu-item-object-page menu-item-50353\"><a href=\"https:\/\/teknei.com\/en\/cookies-policy\/\" class=\"elementor-item\">Cookies Policy<\/a><\/li>\n<li class=\"menu-item menu-item-type-post_type menu-item-object-page menu-item-50350\"><a href=\"https:\/\/teknei.com\/en\/privacy-notice\/\" class=\"elementor-item\">Privacy Notice<\/a><\/li>\n<li class=\"menu-item menu-item-type-post_type menu-item-object-page menu-item-50011\"><a href=\"https:\/\/teknei.com\/en\/code-of-conduct\/\" class=\"elementor-item\">Code of Conduct<\/a><\/li>\n<li class=\"menu-item menu-item-type-post_type menu-item-object-page menu-item-50012\"><a href=\"https:\/\/teknei.com\/en\/complaint-channel\/\" class=\"elementor-item\">Complaint Channel<\/a><\/li>\n<li class=\"menu-item menu-item-type-post_type menu-item-object-page menu-item-50351\"><a href=\"https:\/\/teknei.com\/en\/gis-policy\/\" class=\"elementor-item\">GIS Policy<\/a><\/li>\n<li class=\"menu-item menu-item-type-post_type menu-item-object-page menu-item-50137\"><a href=\"https:\/\/teknei.com\/en\/information-security-policy-with-suppliers\/\" class=\"elementor-item\">Information Security Policy with Suppliers<\/a><\/li>\n<li class=\"menu-item menu-item-type-post_type menu-item-object-page menu-item-50136\"><a href=\"https:\/\/teknei.com\/en\/environmental-policy\/\" class=\"elementor-item\">Environmental policy<\/a><\/li>\n<li class=\"menu-item menu-item-type-post_type menu-item-object-page menu-item-50138\"><a href=\"https:\/\/teknei.com\/en\/strategic-vision-rdi\/\" class=\"elementor-item\">Strategic vision R&amp;D&amp;I<\/a><\/li>\n<\/ul>\t\t\t<\/nav>\n\t\t\t\t\t<div class=\"elementor-menu-toggle\" role=\"button\" tabindex=\"0\" aria-label=\"Menu Toggle\" aria-expanded=\"false\">\n\t\t\t<svg aria-hidden=\"true\" role=\"presentation\" class=\"elementor-menu-toggle__icon--open e-font-icon-svg e-eicon-menu-bar\" viewBox=\"0 0 1000 1000\" xmlns=\"http:\/\/www.w3.org\/2000\/svg\"><path d=\"M104 333H896C929 333 958 304 958 271S929 208 896 208H104C71 208 42 237 42 271S71 333 104 333ZM104 583H896C929 583 958 554 958 521S929 458 896 458H104C71 458 42 487 42 521S71 583 104 583ZM104 833H896C929 833 958 804 958 771S929 708 896 708H104C71 708 42 737 42 771S71 833 104 833Z\"><\/path><\/svg><svg aria-hidden=\"true\" role=\"presentation\" class=\"elementor-menu-toggle__icon--close e-font-icon-svg e-eicon-close\" viewBox=\"0 0 1000 1000\" xmlns=\"http:\/\/www.w3.org\/2000\/svg\"><path d=\"M742 167L500 408 258 167C246 154 233 150 217 150 196 150 179 158 167 167 154 179 150 196 150 212 150 229 154 242 171 254L408 500 167 742C138 771 138 800 167 829 196 858 225 858 254 829L496 587 738 829C750 842 767 846 783 846 800 846 817 842 829 829 842 817 846 804 846 783 846 767 842 750 829 737L588 500 833 258C863 229 863 200 833 171 804 137 775 137 742 167Z\"><\/path><\/svg>\t\t<\/div>\n\t\t\t\t\t<nav class=\"elementor-nav-menu--dropdown elementor-nav-menu__container\" aria-hidden=\"true\">\n\t\t\t\t<ul id=\"menu-2-3052a7b\" class=\"elementor-nav-menu sm-vertical\"><li class=\"menu-item menu-item-type-post_type menu-item-object-page menu-item-50013\"><a href=\"https:\/\/teknei.com\/en\/legal-notice\/\" class=\"elementor-item\" tabindex=\"-1\">Legal Notice<\/a><\/li>\n<li class=\"menu-item menu-item-type-post_type menu-item-object-page menu-item-50353\"><a href=\"https:\/\/teknei.com\/en\/cookies-policy\/\" class=\"elementor-item\" tabindex=\"-1\">Cookies Policy<\/a><\/li>\n<li class=\"menu-item menu-item-type-post_type menu-item-object-page menu-item-50350\"><a href=\"https:\/\/teknei.com\/en\/privacy-notice\/\" class=\"elementor-item\" tabindex=\"-1\">Privacy Notice<\/a><\/li>\n<li class=\"menu-item menu-item-type-post_type menu-item-object-page menu-item-50011\"><a href=\"https:\/\/teknei.com\/en\/code-of-conduct\/\" class=\"elementor-item\" tabindex=\"-1\">Code of Conduct<\/a><\/li>\n<li class=\"menu-item menu-item-type-post_type menu-item-object-page menu-item-50012\"><a href=\"https:\/\/teknei.com\/en\/complaint-channel\/\" class=\"elementor-item\" tabindex=\"-1\">Complaint Channel<\/a><\/li>\n<li class=\"menu-item menu-item-type-post_type menu-item-object-page menu-item-50351\"><a href=\"https:\/\/teknei.com\/en\/gis-policy\/\" class=\"elementor-item\" tabindex=\"-1\">GIS Policy<\/a><\/li>\n<li class=\"menu-item menu-item-type-post_type menu-item-object-page menu-item-50137\"><a href=\"https:\/\/teknei.com\/en\/information-security-policy-with-suppliers\/\" class=\"elementor-item\" tabindex=\"-1\">Information Security Policy with Suppliers<\/a><\/li>\n<li class=\"menu-item menu-item-type-post_type menu-item-object-page menu-item-50136\"><a href=\"https:\/\/teknei.com\/en\/environmental-policy\/\" class=\"elementor-item\" tabindex=\"-1\">Environmental policy<\/a><\/li>\n<li class=\"menu-item menu-item-type-post_type menu-item-object-page menu-item-50138\"><a href=\"https:\/\/teknei.com\/en\/strategic-vision-rdi\/\" class=\"elementor-item\" tabindex=\"-1\">Strategic vision R&amp;D&amp;I<\/a><\/li>\n<\/ul>\t\t\t<\/nav>\n\t\t\t\t\t\t<\/div>\n\t\t\t\t<\/div>\n\t\t\t\t<\/div>\n\t\t<div class=\"elementor-element elementor-element-e7f4b3a e-con-full e-flex e-con e-child\" data-id=\"e7f4b3a\" data-element_type=\"container\" data-e-type=\"container\">\n\t\t\t\t<div class=\"elementor-element elementor-element-cceeb33 elementor-widget elementor-widget-text-editor\" data-id=\"cceeb33\" data-element_type=\"widget\" data-e-type=\"widget\" data-widget_type=\"text-editor.default\">\n\t\t\t\t<div class=\"elementor-widget-container\">\n\t\t\t\t\t\t\t\t\t<h2>Environmental Policy<\/h2>\n<p>Teknei adopts the following principles that make up its Environmental Policy, whose main objective is to improve the environmental performance of the organization&#8217;s activities by saving energy, minimizing the waste produced and recycling it:<\/p>\n<ul>\n<li>Compliance with current environmental legislation.<\/li>\n<li>Knowledge of current and emerging legal obligations.<\/li>\n<li>Awareness and training of all personnel in the acquisition of good environmental practices, through training courses and the preparation of manuals of good environmental practices in the workplace, as well as good daily habits. The leadership of management and the conviction and active participation of all personnel in their work place. <\/li>\n<li>Transparency of environmental results.<\/li>\n<li>Establishment of indicators and objectives that lead the organization towards an increasingly responsible activity with the environment.<\/li>\n<li>Monitoring of environmental documentation, legislation and information applicable to the ICT sector.<\/li>\n<\/ul>\n<p>To this end, Teknei integrates its Environmental Management within the framework of Continuous Improvement, so that the results obtained will be reflected in the company&#8217;s Management System.<\/p>\n<p>Management ensures that these principles are known to all employees and are applied in all company activities.<\/p>\t\t\t\t\t\t\t\t<\/div>\n\t\t\t\t<\/div>\n\t\t\t\t<div class=\"elementor-element elementor-element-5abfae1 neuros-button-type-alt neuros-button-border-style-gradient neuros-button-bakground-style-solid elementor-widget elementor-widget-neuros_button\" data-id=\"5abfae1\" data-element_type=\"widget\" data-e-type=\"widget\" data-widget_type=\"neuros_button.default\">\n\t\t\t\t<div class=\"elementor-widget-container\">\n\t\t\t\t\t\n        <div class=\"button-widget\">\n            <div class=\"button-container\">\n                                <a class=\"neuros-button\" href=\"\/wp-content\/uploads\/2025\/10\/INFORME-DE-DESEMPENO-AMBIENTAL-2025.pdf\" href=\"\/wp-content\/uploads\/2025\/10\/INFORME-DE-DESEMPENO-AMBIENTAL-2025.pdf\" target=\"_blank\">Environmental Performance Report 2025                        <span class=\"icon-button-arrow left\"><\/span><span class=\"icon-button-arrow right\"><\/span>                    \n                    <span class=\"button-inner\"><\/span>\n                <\/a>\n                            <\/div>\n        <\/div>\n        \t\t\t\t<\/div>\n\t\t\t\t<\/div>\n\t\t\t\t<\/div>\n\t\t\t\t<\/div>\n\t\t\t\t<\/div>\n\t\t<div id=\"e-n-tab-content-949974302\" role=\"tabpanel\" aria-labelledby=\"e-n-tab-title-949974302\" data-tab-index=\"2\" style=\"--n-tabs-title-order: 2;\" class=\" elementor-element elementor-element-a94b9a5 e-flex e-con-boxed e-con e-child\" data-id=\"a94b9a5\" data-element_type=\"container\" data-e-type=\"container\">\n\t\t\t\t\t<div class=\"e-con-inner\">\n\t\t<div class=\"elementor-element elementor-element-5cf9927 e-con-full e-flex e-con e-child\" data-id=\"5cf9927\" data-element_type=\"container\" data-e-type=\"container\">\n\t\t<div class=\"elementor-element elementor-element-e6d9b04 e-con-full e-flex e-con e-child\" data-id=\"e6d9b04\" data-element_type=\"container\" data-e-type=\"container\">\n\t\t\t\t<div class=\"elementor-element elementor-element-8d63b66 elementor-nav-menu--dropdown-tablet elementor-nav-menu__text-align-aside elementor-nav-menu--toggle elementor-nav-menu--burger elementor-widget elementor-widget-nav-menu\" data-id=\"8d63b66\" data-element_type=\"widget\" data-e-type=\"widget\" data-settings=\"{&quot;layout&quot;:&quot;vertical&quot;,&quot;submenu_icon&quot;:{&quot;value&quot;:&quot;&lt;svg aria-hidden=\\&quot;true\\&quot; class=\\&quot;e-font-icon-svg e-fas-caret-down\\&quot; viewBox=\\&quot;0 0 320 512\\&quot; xmlns=\\&quot;http:\\\/\\\/www.w3.org\\\/2000\\\/svg\\&quot;&gt;&lt;path d=\\&quot;M31.3 192h257.3c17.8 0 26.7 21.5 14.1 34.1L174.1 354.8c-7.8 7.8-20.5 7.8-28.3 0L17.2 226.1C4.6 213.5 13.5 192 31.3 192z\\&quot;&gt;&lt;\\\/path&gt;&lt;\\\/svg&gt;&quot;,&quot;library&quot;:&quot;fa-solid&quot;},&quot;toggle&quot;:&quot;burger&quot;}\" data-widget_type=\"nav-menu.default\">\n\t\t\t\t<div class=\"elementor-widget-container\">\n\t\t\t\t\t\t\t\t<nav aria-label=\"Men\u00fa\" class=\"elementor-nav-menu--main elementor-nav-menu__container elementor-nav-menu--layout-vertical e--pointer-none\">\n\t\t\t\t<ul id=\"menu-1-8d63b66\" class=\"elementor-nav-menu sm-vertical\"><li class=\"menu-item menu-item-type-post_type menu-item-object-page menu-item-49461\"><a href=\"https:\/\/teknei.com\/aviso-de-privacidad-mx\/\" class=\"elementor-item\">Privacy Notice<\/a><\/li>\n<li class=\"menu-item menu-item-type-post_type menu-item-object-page menu-item-49460\"><a href=\"https:\/\/teknei.com\/politica-de-calidad-mx\/\" class=\"elementor-item\">Quality Policy<\/a><\/li>\n<li class=\"menu-item menu-item-type-post_type menu-item-object-page menu-item-49459\"><a href=\"https:\/\/teknei.com\/politica-general-de-seguridad-de-la-informacion-mx\/\" class=\"elementor-item\">General Information Security Policy<\/a><\/li>\n<\/ul>\t\t\t<\/nav>\n\t\t\t\t\t<div class=\"elementor-menu-toggle\" role=\"button\" tabindex=\"0\" aria-label=\"Menu Toggle\" aria-expanded=\"false\">\n\t\t\t<svg aria-hidden=\"true\" role=\"presentation\" class=\"elementor-menu-toggle__icon--open e-font-icon-svg e-eicon-menu-bar\" viewBox=\"0 0 1000 1000\" xmlns=\"http:\/\/www.w3.org\/2000\/svg\"><path d=\"M104 333H896C929 333 958 304 958 271S929 208 896 208H104C71 208 42 237 42 271S71 333 104 333ZM104 583H896C929 583 958 554 958 521S929 458 896 458H104C71 458 42 487 42 521S71 583 104 583ZM104 833H896C929 833 958 804 958 771S929 708 896 708H104C71 708 42 737 42 771S71 833 104 833Z\"><\/path><\/svg><svg aria-hidden=\"true\" role=\"presentation\" class=\"elementor-menu-toggle__icon--close e-font-icon-svg e-eicon-close\" viewBox=\"0 0 1000 1000\" xmlns=\"http:\/\/www.w3.org\/2000\/svg\"><path d=\"M742 167L500 408 258 167C246 154 233 150 217 150 196 150 179 158 167 167 154 179 150 196 150 212 150 229 154 242 171 254L408 500 167 742C138 771 138 800 167 829 196 858 225 858 254 829L496 587 738 829C750 842 767 846 783 846 800 846 817 842 829 829 842 817 846 804 846 783 846 767 842 750 829 737L588 500 833 258C863 229 863 200 833 171 804 137 775 137 742 167Z\"><\/path><\/svg>\t\t<\/div>\n\t\t\t\t\t<nav class=\"elementor-nav-menu--dropdown elementor-nav-menu__container\" aria-hidden=\"true\">\n\t\t\t\t<ul id=\"menu-2-8d63b66\" class=\"elementor-nav-menu sm-vertical\"><li class=\"menu-item menu-item-type-post_type menu-item-object-page menu-item-49461\"><a href=\"https:\/\/teknei.com\/aviso-de-privacidad-mx\/\" class=\"elementor-item\" tabindex=\"-1\">Privacy Notice<\/a><\/li>\n<li class=\"menu-item menu-item-type-post_type menu-item-object-page menu-item-49460\"><a href=\"https:\/\/teknei.com\/politica-de-calidad-mx\/\" class=\"elementor-item\" tabindex=\"-1\">Quality Policy<\/a><\/li>\n<li class=\"menu-item menu-item-type-post_type menu-item-object-page menu-item-49459\"><a href=\"https:\/\/teknei.com\/politica-general-de-seguridad-de-la-informacion-mx\/\" class=\"elementor-item\" tabindex=\"-1\">General Information Security Policy<\/a><\/li>\n<\/ul>\t\t\t<\/nav>\n\t\t\t\t\t\t<\/div>\n\t\t\t\t<\/div>\n\t\t\t\t<\/div>\n\t\t<div class=\"elementor-element elementor-element-8bac4bc e-con-full e-flex e-con e-child\" data-id=\"8bac4bc\" data-element_type=\"container\" data-e-type=\"container\">\n\t\t\t\t<div class=\"elementor-element elementor-element-0bc9fc1 elementor-widget elementor-widget-text-editor\" data-id=\"0bc9fc1\" data-element_type=\"widget\" data-e-type=\"widget\" data-widget_type=\"text-editor.default\">\n\t\t\t\t<div class=\"elementor-widget-container\">\n\t\t\t\t\t\t\t\t\t<p><small>(Current wording as of 3\/1\/2025)<\/small><\/p><p>This document constitutes the<strong> Privacy Notice<\/strong> for the purposes of the provisions of the Federal Law for the Protection of Personal Data in Possession of Individuals (the &#8220;LFPDP&#8221;) and the provisions that emanate from it or are related to it and is intended to inform the owners of the scope and general conditions of the processing of their personal data, so that they are able to make informed decisions about the treatment of the same.<\/p><h4><strong>I. IDENTITY AND ADDRESS OF THE PERSON IN CHARGE<\/strong><\/h4><p>Teknei, Sociedad An\u00f3nima de Capital Variable (the &#8220;Controller&#8221;), domiciled at 101 Masaryk St., office 1401, interior 43, Col. Polanco, Del. Miguel Hidalgo, C.P. 11560, Mexico City, Mexico, is responsible for collecting personal data and sensitive personal data of the Data Subject, for the handling of such data and for its protection.  <\/p><h4><strong>II. PERSONAL DATA TO BE PROCESSED <\/strong><\/h4><p>To carry out the proper provision of the services of the Responsible, we will collect personal data of the Data Controller through personal delivery, directly or through the transfer of the same, prior consent given by the Data Controller to the Responsible or its Agents, likewise, the Responsible may collect personal data indirectly through publicly available sources and other sources available in the market, likewise, we collect your personal data through the website www.teknei.com.<\/p><p>The personal data we collect for the provision of services are identification data, such as: (i) Name, (ii) Email, and (iii) Company, where applicable.   <\/p><h4><strong>III. PURPOSE OF PROCESSING <\/strong><\/h4><h5><strong>Primary Purposes<\/strong><\/h5><p>The personal data provided to the Responsible will be used to contact you, once you have shown your interest in any of our services by visiting our website, and mainly by filling out our contact form, and in that sense to offer you the attention you deserve.<\/p><h5><strong>Secondary Purposes.<\/strong><\/h5><p>The personal data you provide to the Controller may be used to carry out secondary purposes for statistical or advertising purposes, i.e., the Controller may use your data to determine the number of requests handled through its website, or send you information regarding the provision of our services or our newsletter.<\/p><p>If you do not agree that your personal data be used for the secondary purposes described above, you may refuse by sending an email to <a href=\"mailto:oficialdedatos@teknei.com\">oficialdedatos@teknei.com<\/a> only stating that you do not consent to the Responsible for using your personal data for secondary purposes, indicating in your request the data that allow us to identify you within our records or databases.<\/p><h4><strong>IV. MECHANISMS FOR THE EXERCISE OF A.R.C.O. RIGHTS <\/strong><\/h4><p>The Responsible has implemented a mechanism for the holder to know what information we have about the holder, what we use it for, and the conditions of use (Access), and the conditions of use given to them (Access), likewise, the holder may request the correction of the information held by the Controller whenever it is outdated, inaccurate or incomplete (Rectification), to be removed from our records or databases when it is considered that it is not being used in accordance with the principles, duties and obligations under the regulations (Cancellation), as well as to oppose the use of their personal data for specific purposes (Opposition).<\/p><p>In that sense, you may at any time exercise the above rights over the personal data held by the Responsible, by sending a written request via email to <a href=\"mailto:oficialdedatos@teknei.com\">oficialdedatos@teknei.com<\/a> accompanied by the following information:<\/p><ul><li>Name of the owner, as well as an address, telephone number or other means of contact to respond to the request.<\/li><li>Official documents proving the personality of the owner of the data.<\/li><li>A clear description of the changes you wish to make to your personal data, or, if possible, any other document that makes it easier to locate the personal data.<\/li><\/ul><p>Once your request has been received, the Responsible Party will have a period of no more than 15 (fifteen) calendar days to respond to said request and send you a report on the same through the means of contact provided.<\/p><h4><strong>V. MECHANISMS AND PROCEDURES FOR THE REVOCATION OF CONSENT<\/strong><\/h4><p>The Responsible makes available the personal data office located at Masaryk 101, office 1401, interior 43, Colonia Polanco, Alcald\u00eda Miguel Hidalgo, C.P. 11560, Mexico City, Mexico, in which the holder by filling out the corresponding forms may revoke consent for the use of their personal data held by the Responsible, likewise the holder may revoke consent by email to the following address  <a href=\"mailto:oficialdedatos@teknei.com\">oficialdedatos@teknei.com<\/a>  in which you must explain in detail your request for revocation, and the Responsible will send you a report on it within a period not exceeding 3 calendar days through the email in which the request was made.<\/p><h4><strong>VI. USE OF COOKIES AND WEB BEACONS <\/strong><\/h4><p>The Responsible uses &#8220;cookies&#8221; and other technologies through which it is possible to monitor your behavior as an Internet user, in order to provide you with a better service and user experience when browsing our website <a href=\"http:\/\/www.teknei.com\/\">www.teknei.com.<\/a><\/p><p>The data we obtain from these tracking technologies are the following: (i) Browsing hours, (ii) Time spent browsing our website, (iii) Sections viewed, and (iv) Internet pages accessed prior to visiting our website.    <\/p><h4><strong>VII. CHANGES TO THE PRIVACY NOTICE <\/strong><\/h4><p>In the event that the Responsible Party must make changes or updates to this privacy notice in order to comply with new legislation, jurisprudence or internal policies, it will notify it on the website <a href=\"http:\/\/www.teknei.com\/\">www.teknei.com<\/a> by implementing a banner, so it is suggested to the owner of the data to periodically enter the website.<\/p><p>&#8220;Last updated on January 3, 2025.&#8221;<\/p>\t\t\t\t\t\t\t\t<\/div>\n\t\t\t\t<\/div>\n\t\t\t\t<\/div>\n\t\t\t\t<\/div>\n\t\t\t\t\t<\/div>\n\t\t\t\t<\/div>\n\t\t\t\t\t<\/div>\n\t\t<\/div>\n\t\t\t\t\t\t<\/div>\n\t\t\t\t<\/div>\n\t\t\t\t\t<\/div>\n\t\t\t\t<\/div>\n\t\t\t\t<\/div>\n\t\t","protected":false},"excerpt":{"rendered":"<p>Spain Mexico Aviso Legal Pol\u00edtica de Cookies Pol\u00edtica de Privacidad C\u00f3digo de Conducta Canal de Denuncia Pol\u00edtica del SIG Pol\u00edtica de Seguridad de la Informaci\u00f3n con Proveedores Pol\u00edtica medioambiental Visi\u00f3n estrat\u00e9gica I+D+i Aviso Legal Pol\u00edtica de Cookies Pol\u00edtica de Privacidad C\u00f3digo&#8230;<\/p>\n","protected":false},"author":2,"featured_media":44922,"parent":0,"menu_order":0,"comment_status":"closed","ping_status":"closed","template":"","meta":{"_acf_changed":false,"footnotes":""},"class_list":["post-50016","page","type-page","status-publish","has-post-thumbnail","hentry"],"acf":[],"_links":{"self":[{"href":"https:\/\/teknei.com\/en\/wp-json\/wp\/v2\/pages\/50016","targetHints":{"allow":["GET"]}}],"collection":[{"href":"https:\/\/teknei.com\/en\/wp-json\/wp\/v2\/pages"}],"about":[{"href":"https:\/\/teknei.com\/en\/wp-json\/wp\/v2\/types\/page"}],"author":[{"embeddable":true,"href":"https:\/\/teknei.com\/en\/wp-json\/wp\/v2\/users\/2"}],"replies":[{"embeddable":true,"href":"https:\/\/teknei.com\/en\/wp-json\/wp\/v2\/comments?post=50016"}],"version-history":[{"count":4,"href":"https:\/\/teknei.com\/en\/wp-json\/wp\/v2\/pages\/50016\/revisions"}],"predecessor-version":[{"id":50334,"href":"https:\/\/teknei.com\/en\/wp-json\/wp\/v2\/pages\/50016\/revisions\/50334"}],"wp:featuredmedia":[{"embeddable":true,"href":"https:\/\/teknei.com\/en\/wp-json\/wp\/v2\/media\/44922"}],"wp:attachment":[{"href":"https:\/\/teknei.com\/en\/wp-json\/wp\/v2\/media?parent=50016"}],"curies":[{"name":"wp","href":"https:\/\/api.w.org\/{rel}","templated":true}]}}