{"id":50316,"date":"2025-10-15T12:53:12","date_gmt":"2025-10-15T10:53:12","guid":{"rendered":"https:\/\/teknei.com\/general-information-security-policy\/"},"modified":"2025-11-19T12:36:36","modified_gmt":"2025-11-19T11:36:36","slug":"general-information-security-policy","status":"publish","type":"page","link":"https:\/\/teknei.com\/en\/general-information-security-policy\/","title":{"rendered":"General Information Security Policy"},"content":{"rendered":"\t\t<div data-elementor-type=\"wp-page\" data-elementor-id=\"50316\" class=\"elementor elementor-50316 elementor-49453\" data-elementor-post-type=\"page\">\n\t\t\t\t<div class=\"elementor-element elementor-element-d52d9a7 e-flex e-con-boxed e-con e-parent\" data-id=\"d52d9a7\" data-element_type=\"container\" data-e-type=\"container\">\n\t\t\t\t\t<div class=\"e-con-inner\">\n\t\t\t\t<div class=\"elementor-element elementor-element-3423808 e-n-tabs-mobile elementor-widget elementor-widget-n-tabs\" data-id=\"3423808\" data-element_type=\"widget\" data-e-type=\"widget\" data-settings=\"{&quot;horizontal_scroll&quot;:&quot;disable&quot;}\" data-widget_type=\"nested-tabs.default\">\n\t\t\t\t<div class=\"elementor-widget-container\">\n\t\t\t\t\t\t\t<div class=\"e-n-tabs\" data-widget-number=\"54671368\" aria-label=\"Tabs. Open items with Enter or Space, close with Escape and navigate using the Arrow keys.\">\n\t\t\t<div class=\"e-n-tabs-heading\" role=\"tablist\">\n\t\t\t\t\t<button id=\"e-n-tab-title-546713681\" data-tab-title-id=\"e-n-tab-title-546713681\" class=\"e-n-tab-title\" aria-selected=\"true\" data-tab-index=\"1\" role=\"tab\" tabindex=\"0\" aria-controls=\"e-n-tab-content-546713681\" style=\"--n-tabs-title-order: 1;\">\n\t\t\t\t\t\t<span class=\"e-n-tab-title-text\">\n\t\t\t\tMexico\t\t\t<\/span>\n\t\t<\/button>\n\t\t\t\t\t<\/div>\n\t\t\t<div class=\"e-n-tabs-content\">\n\t\t\t\t<div id=\"e-n-tab-content-546713681\" role=\"tabpanel\" aria-labelledby=\"e-n-tab-title-546713681\" data-tab-index=\"1\" style=\"--n-tabs-title-order: 1;\" class=\"e-active elementor-element elementor-element-3d3853d e-con-full e-flex e-con e-child\" data-id=\"3d3853d\" data-element_type=\"container\" data-e-type=\"container\">\n\t\t<div class=\"elementor-element elementor-element-17bbacb e-flex e-con-boxed e-con e-child\" data-id=\"17bbacb\" data-element_type=\"container\" data-e-type=\"container\">\n\t\t\t\t\t<div class=\"e-con-inner\">\n\t\t<div class=\"elementor-element elementor-element-ab39238 e-con-full e-flex e-con e-child\" data-id=\"ab39238\" data-element_type=\"container\" data-e-type=\"container\">\n\t\t\t\t<div class=\"elementor-element elementor-element-2524833 elementor-nav-menu--dropdown-tablet elementor-nav-menu__text-align-aside elementor-nav-menu--toggle elementor-nav-menu--burger elementor-widget elementor-widget-nav-menu\" data-id=\"2524833\" data-element_type=\"widget\" data-e-type=\"widget\" data-settings=\"{&quot;layout&quot;:&quot;vertical&quot;,&quot;submenu_icon&quot;:{&quot;value&quot;:&quot;&lt;svg aria-hidden=\\&quot;true\\&quot; class=\\&quot;e-font-icon-svg e-fas-caret-down\\&quot; viewBox=\\&quot;0 0 320 512\\&quot; xmlns=\\&quot;http:\\\/\\\/www.w3.org\\\/2000\\\/svg\\&quot;&gt;&lt;path d=\\&quot;M31.3 192h257.3c17.8 0 26.7 21.5 14.1 34.1L174.1 354.8c-7.8 7.8-20.5 7.8-28.3 0L17.2 226.1C4.6 213.5 13.5 192 31.3 192z\\&quot;&gt;&lt;\\\/path&gt;&lt;\\\/svg&gt;&quot;,&quot;library&quot;:&quot;fa-solid&quot;},&quot;toggle&quot;:&quot;burger&quot;}\" data-widget_type=\"nav-menu.default\">\n\t\t\t\t<div class=\"elementor-widget-container\">\n\t\t\t\t\t\t\t\t<nav aria-label=\"Men\u00fa\" class=\"elementor-nav-menu--main elementor-nav-menu__container elementor-nav-menu--layout-vertical e--pointer-none\">\n\t\t\t\t<ul id=\"menu-1-2524833\" class=\"elementor-nav-menu sm-vertical\"><li class=\"menu-item menu-item-type-post_type menu-item-object-page menu-item-49461\"><a href=\"https:\/\/teknei.com\/aviso-de-privacidad-mx\/\" class=\"elementor-item\">Privacy Notice<\/a><\/li>\n<li class=\"menu-item menu-item-type-post_type menu-item-object-page menu-item-49460\"><a href=\"https:\/\/teknei.com\/politica-de-calidad-mx\/\" class=\"elementor-item\">Quality Policy<\/a><\/li>\n<li class=\"menu-item menu-item-type-post_type menu-item-object-page menu-item-49459\"><a href=\"https:\/\/teknei.com\/politica-general-de-seguridad-de-la-informacion-mx\/\" class=\"elementor-item\">General Information Security Policy<\/a><\/li>\n<\/ul>\t\t\t<\/nav>\n\t\t\t\t\t<div class=\"elementor-menu-toggle\" role=\"button\" tabindex=\"0\" aria-label=\"Menu Toggle\" aria-expanded=\"false\">\n\t\t\t<svg aria-hidden=\"true\" role=\"presentation\" class=\"elementor-menu-toggle__icon--open e-font-icon-svg e-eicon-menu-bar\" viewBox=\"0 0 1000 1000\" xmlns=\"http:\/\/www.w3.org\/2000\/svg\"><path d=\"M104 333H896C929 333 958 304 958 271S929 208 896 208H104C71 208 42 237 42 271S71 333 104 333ZM104 583H896C929 583 958 554 958 521S929 458 896 458H104C71 458 42 487 42 521S71 583 104 583ZM104 833H896C929 833 958 804 958 771S929 708 896 708H104C71 708 42 737 42 771S71 833 104 833Z\"><\/path><\/svg><svg aria-hidden=\"true\" role=\"presentation\" class=\"elementor-menu-toggle__icon--close e-font-icon-svg e-eicon-close\" viewBox=\"0 0 1000 1000\" xmlns=\"http:\/\/www.w3.org\/2000\/svg\"><path d=\"M742 167L500 408 258 167C246 154 233 150 217 150 196 150 179 158 167 167 154 179 150 196 150 212 150 229 154 242 171 254L408 500 167 742C138 771 138 800 167 829 196 858 225 858 254 829L496 587 738 829C750 842 767 846 783 846 800 846 817 842 829 829 842 817 846 804 846 783 846 767 842 750 829 737L588 500 833 258C863 229 863 200 833 171 804 137 775 137 742 167Z\"><\/path><\/svg>\t\t<\/div>\n\t\t\t\t\t<nav class=\"elementor-nav-menu--dropdown elementor-nav-menu__container\" aria-hidden=\"true\">\n\t\t\t\t<ul id=\"menu-2-2524833\" class=\"elementor-nav-menu sm-vertical\"><li class=\"menu-item menu-item-type-post_type menu-item-object-page menu-item-49461\"><a href=\"https:\/\/teknei.com\/aviso-de-privacidad-mx\/\" class=\"elementor-item\" tabindex=\"-1\">Privacy Notice<\/a><\/li>\n<li class=\"menu-item menu-item-type-post_type menu-item-object-page menu-item-49460\"><a href=\"https:\/\/teknei.com\/politica-de-calidad-mx\/\" class=\"elementor-item\" tabindex=\"-1\">Quality Policy<\/a><\/li>\n<li class=\"menu-item menu-item-type-post_type menu-item-object-page menu-item-49459\"><a href=\"https:\/\/teknei.com\/politica-general-de-seguridad-de-la-informacion-mx\/\" class=\"elementor-item\" tabindex=\"-1\">General Information Security Policy<\/a><\/li>\n<\/ul>\t\t\t<\/nav>\n\t\t\t\t\t\t<\/div>\n\t\t\t\t<\/div>\n\t\t\t\t<\/div>\n\t\t<div class=\"elementor-element elementor-element-e24e94d e-con-full e-flex e-con e-child\" data-id=\"e24e94d\" data-element_type=\"container\" data-e-type=\"container\">\n\t\t\t\t<div class=\"elementor-element elementor-element-f1171e6 elementor-widget elementor-widget-text-editor\" data-id=\"f1171e6\" data-element_type=\"widget\" data-e-type=\"widget\" data-widget_type=\"text-editor.default\">\n\t\t\t\t<div class=\"elementor-widget-container\">\n\t\t\t\t\t\t\t\t\t<h2>General Information Security Policy<\/h2><p>The Corporate Systems Management of Grupo Teknei establishes that it is a fundamental element to achieve the business objectives, to guarantee the Confidentiality, Integrity and Availability of the information and computer resources of both its property and that of its customers, therefore, it has an Information Security Management System Manual to prevent and minimize security risks and ensure the continuous improvement of the services it provides.<\/p><p>It is the commitment of the General Management and all staff of Grupo Teknei to provide confidence and certainty to all its customers \/ as to keep their information safe by implementing security controls to protect against threats, internal, external or accidental. Therefore, specific, responsible and mandatory custody is required by all Teknei Group personnel, regardless of function or position. <\/p><p>The General Management and all staff of Grupo Teknei ensure the security of internal information and its customers \/ as, understanding by this to maintain its confidentiality, integrity and availability through the use of best practices. For this purpose, we use a series of principles which are aligned with the strategy and business objectives. <\/p><p>Therefore, Grupo Teknei&#8217;s Information Security Policy obliges all internal and external collaborators to protect the physical and digital resources for which they are responsible and to avoid the use, modification, destruction or unauthorized disclosure of information in accordance with applicable regulations.<br>Likewise, the Corporate Systems Management, together with the Information Security and IT Governance Management, is committed to issue, evaluate and periodically update this policy, as well as to disseminate it to all Grupo Teknei personnel and to those third parties deemed necessary.<\/p><p>Finally, it is established that any non-compliance with the provisions of this policy and the specific policies derived from it, will result in a sanction that is determined according to the seriousness of such non-compliance.<\/p><p>This Information Security Policy comes into force once formalized and approved by the Corporate Systems Management of Teknei Group to disseminate it to the relevant staff.<\/p>\t\t\t\t\t\t\t\t<\/div>\n\t\t\t\t<\/div>\n\t\t\t\t<\/div>\n\t\t\t\t\t<\/div>\n\t\t\t\t<\/div>\n\t\t\t\t<\/div>\n\t\t\t\t\t<\/div>\n\t\t<\/div>\n\t\t\t\t\t\t<\/div>\n\t\t\t\t<\/div>\n\t\t\t\t\t<\/div>\n\t\t\t\t<\/div>\n\t\t\t\t<\/div>\n\t\t","protected":false},"excerpt":{"rendered":"<p>Mexico Aviso de Privacidad Pol\u00edtica de calidad Pol\u00edtica General de Seguridad de la Informaci\u00f3n Aviso de Privacidad Pol\u00edtica de calidad Pol\u00edtica General de Seguridad de la Informaci\u00f3n General Information Security Policy The Corporate Systems Management of Grupo Teknei establishes that it&#8230;<\/p>\n","protected":false},"author":2,"featured_media":44922,"parent":0,"menu_order":0,"comment_status":"closed","ping_status":"closed","template":"","meta":{"_acf_changed":false,"footnotes":""},"class_list":["post-50316","page","type-page","status-publish","has-post-thumbnail","hentry"],"acf":[],"_links":{"self":[{"href":"https:\/\/teknei.com\/en\/wp-json\/wp\/v2\/pages\/50316","targetHints":{"allow":["GET"]}}],"collection":[{"href":"https:\/\/teknei.com\/en\/wp-json\/wp\/v2\/pages"}],"about":[{"href":"https:\/\/teknei.com\/en\/wp-json\/wp\/v2\/types\/page"}],"author":[{"embeddable":true,"href":"https:\/\/teknei.com\/en\/wp-json\/wp\/v2\/users\/2"}],"replies":[{"embeddable":true,"href":"https:\/\/teknei.com\/en\/wp-json\/wp\/v2\/comments?post=50316"}],"version-history":[{"count":2,"href":"https:\/\/teknei.com\/en\/wp-json\/wp\/v2\/pages\/50316\/revisions"}],"predecessor-version":[{"id":50318,"href":"https:\/\/teknei.com\/en\/wp-json\/wp\/v2\/pages\/50316\/revisions\/50318"}],"wp:featuredmedia":[{"embeddable":true,"href":"https:\/\/teknei.com\/en\/wp-json\/wp\/v2\/media\/44922"}],"wp:attachment":[{"href":"https:\/\/teknei.com\/en\/wp-json\/wp\/v2\/media?parent=50316"}],"curies":[{"name":"wp","href":"https:\/\/api.w.org\/{rel}","templated":true}]}}