{"id":50345,"date":"2025-08-25T14:06:27","date_gmt":"2025-08-25T12:06:27","guid":{"rendered":"https:\/\/teknei.com\/gis-policy\/"},"modified":"2025-11-19T12:43:12","modified_gmt":"2025-11-19T11:43:12","slug":"gis-policy","status":"publish","type":"page","link":"https:\/\/teknei.com\/en\/gis-policy\/","title":{"rendered":"GIS Policy"},"content":{"rendered":"\t\t<div data-elementor-type=\"wp-page\" data-elementor-id=\"50345\" class=\"elementor elementor-50345 elementor-44895\" data-elementor-post-type=\"page\">\n\t\t\t\t<div class=\"elementor-element elementor-element-d52d9a7 e-flex e-con-boxed e-con e-parent\" data-id=\"d52d9a7\" data-element_type=\"container\" data-e-type=\"container\">\n\t\t\t\t\t<div class=\"e-con-inner\">\n\t\t\t\t<div class=\"elementor-element elementor-element-3423808 e-n-tabs-mobile elementor-widget elementor-widget-n-tabs\" data-id=\"3423808\" data-element_type=\"widget\" data-e-type=\"widget\" data-settings=\"{&quot;horizontal_scroll&quot;:&quot;disable&quot;}\" data-widget_type=\"nested-tabs.default\">\n\t\t\t\t<div class=\"elementor-widget-container\">\n\t\t\t\t\t\t\t<div class=\"e-n-tabs\" data-widget-number=\"54671368\" aria-label=\"Tabs. Open items with Enter or Space, close with Escape and navigate using the Arrow keys.\">\n\t\t\t<div class=\"e-n-tabs-heading\" role=\"tablist\">\n\t\t\t\t\t<button id=\"e-n-tab-title-546713681\" data-tab-title-id=\"e-n-tab-title-546713681\" class=\"e-n-tab-title\" aria-selected=\"true\" data-tab-index=\"1\" role=\"tab\" tabindex=\"0\" aria-controls=\"e-n-tab-content-546713681\" style=\"--n-tabs-title-order: 1;\">\n\t\t\t\t\t\t<span class=\"e-n-tab-title-text\">\n\t\t\t\tSpain\t\t\t<\/span>\n\t\t<\/button>\n\t\t\t\t<button id=\"e-n-tab-title-546713682\" data-tab-title-id=\"e-n-tab-title-546713682\" class=\"e-n-tab-title\" aria-selected=\"false\" data-tab-index=\"2\" role=\"tab\" tabindex=\"-1\" aria-controls=\"e-n-tab-content-546713682\" style=\"--n-tabs-title-order: 2;\">\n\t\t\t\t\t\t<span class=\"e-n-tab-title-text\">\n\t\t\t\tMexico\t\t\t<\/span>\n\t\t<\/button>\n\t\t\t\t\t<\/div>\n\t\t\t<div class=\"e-n-tabs-content\">\n\t\t\t\t<div id=\"e-n-tab-content-546713681\" role=\"tabpanel\" aria-labelledby=\"e-n-tab-title-546713681\" data-tab-index=\"1\" style=\"--n-tabs-title-order: 1;\" class=\"e-active elementor-element elementor-element-e61af40 e-con-full e-flex e-con e-child\" data-id=\"e61af40\" data-element_type=\"container\" data-e-type=\"container\">\n\t\t<div class=\"elementor-element elementor-element-cd2fd47 e-con-full e-flex e-con e-child\" data-id=\"cd2fd47\" data-element_type=\"container\" data-e-type=\"container\">\n\t\t<div class=\"elementor-element elementor-element-f840e19 e-con-full e-flex e-con e-child\" data-id=\"f840e19\" data-element_type=\"container\" data-e-type=\"container\">\n\t\t\t\t<div class=\"elementor-element elementor-element-3052a7b elementor-nav-menu--dropdown-tablet elementor-nav-menu__text-align-aside elementor-nav-menu--toggle elementor-nav-menu--burger elementor-widget elementor-widget-nav-menu\" data-id=\"3052a7b\" data-element_type=\"widget\" data-e-type=\"widget\" data-settings=\"{&quot;layout&quot;:&quot;vertical&quot;,&quot;submenu_icon&quot;:{&quot;value&quot;:&quot;&lt;svg aria-hidden=\\&quot;true\\&quot; class=\\&quot;e-font-icon-svg e-fas-caret-down\\&quot; viewBox=\\&quot;0 0 320 512\\&quot; xmlns=\\&quot;http:\\\/\\\/www.w3.org\\\/2000\\\/svg\\&quot;&gt;&lt;path d=\\&quot;M31.3 192h257.3c17.8 0 26.7 21.5 14.1 34.1L174.1 354.8c-7.8 7.8-20.5 7.8-28.3 0L17.2 226.1C4.6 213.5 13.5 192 31.3 192z\\&quot;&gt;&lt;\\\/path&gt;&lt;\\\/svg&gt;&quot;,&quot;library&quot;:&quot;fa-solid&quot;},&quot;toggle&quot;:&quot;burger&quot;}\" data-widget_type=\"nav-menu.default\">\n\t\t\t\t<div class=\"elementor-widget-container\">\n\t\t\t\t\t\t\t\t<nav aria-label=\"Men\u00fa\" class=\"elementor-nav-menu--main elementor-nav-menu__container elementor-nav-menu--layout-vertical e--pointer-none\">\n\t\t\t\t<ul id=\"menu-1-3052a7b\" class=\"elementor-nav-menu sm-vertical\"><li class=\"menu-item menu-item-type-post_type menu-item-object-page menu-item-50013\"><a href=\"https:\/\/teknei.com\/en\/legal-notice\/\" class=\"elementor-item\">Legal Notice<\/a><\/li>\n<li class=\"menu-item menu-item-type-post_type menu-item-object-page menu-item-50353\"><a href=\"https:\/\/teknei.com\/en\/cookies-policy\/\" class=\"elementor-item\">Cookies Policy<\/a><\/li>\n<li class=\"menu-item menu-item-type-post_type menu-item-object-page menu-item-50350\"><a href=\"https:\/\/teknei.com\/en\/privacy-notice\/\" class=\"elementor-item\">Privacy Notice<\/a><\/li>\n<li class=\"menu-item menu-item-type-post_type menu-item-object-page menu-item-50011\"><a href=\"https:\/\/teknei.com\/en\/code-of-conduct\/\" class=\"elementor-item\">Code of Conduct<\/a><\/li>\n<li class=\"menu-item menu-item-type-post_type menu-item-object-page menu-item-50012\"><a href=\"https:\/\/teknei.com\/en\/complaint-channel\/\" class=\"elementor-item\">Complaint Channel<\/a><\/li>\n<li class=\"menu-item menu-item-type-post_type menu-item-object-page menu-item-50351\"><a href=\"https:\/\/teknei.com\/en\/gis-policy\/\" class=\"elementor-item\">GIS Policy<\/a><\/li>\n<li class=\"menu-item menu-item-type-post_type menu-item-object-page menu-item-50137\"><a href=\"https:\/\/teknei.com\/en\/information-security-policy-with-suppliers\/\" class=\"elementor-item\">Information Security Policy with Suppliers<\/a><\/li>\n<li class=\"menu-item menu-item-type-post_type menu-item-object-page menu-item-50136\"><a href=\"https:\/\/teknei.com\/en\/environmental-policy\/\" class=\"elementor-item\">Environmental policy<\/a><\/li>\n<li class=\"menu-item menu-item-type-post_type menu-item-object-page menu-item-50138\"><a href=\"https:\/\/teknei.com\/en\/strategic-vision-rdi\/\" class=\"elementor-item\">Strategic vision R&amp;D&amp;I<\/a><\/li>\n<\/ul>\t\t\t<\/nav>\n\t\t\t\t\t<div class=\"elementor-menu-toggle\" role=\"button\" tabindex=\"0\" aria-label=\"Menu Toggle\" aria-expanded=\"false\">\n\t\t\t<svg aria-hidden=\"true\" role=\"presentation\" class=\"elementor-menu-toggle__icon--open e-font-icon-svg e-eicon-menu-bar\" viewBox=\"0 0 1000 1000\" xmlns=\"http:\/\/www.w3.org\/2000\/svg\"><path d=\"M104 333H896C929 333 958 304 958 271S929 208 896 208H104C71 208 42 237 42 271S71 333 104 333ZM104 583H896C929 583 958 554 958 521S929 458 896 458H104C71 458 42 487 42 521S71 583 104 583ZM104 833H896C929 833 958 804 958 771S929 708 896 708H104C71 708 42 737 42 771S71 833 104 833Z\"><\/path><\/svg><svg aria-hidden=\"true\" role=\"presentation\" class=\"elementor-menu-toggle__icon--close e-font-icon-svg e-eicon-close\" viewBox=\"0 0 1000 1000\" xmlns=\"http:\/\/www.w3.org\/2000\/svg\"><path d=\"M742 167L500 408 258 167C246 154 233 150 217 150 196 150 179 158 167 167 154 179 150 196 150 212 150 229 154 242 171 254L408 500 167 742C138 771 138 800 167 829 196 858 225 858 254 829L496 587 738 829C750 842 767 846 783 846 800 846 817 842 829 829 842 817 846 804 846 783 846 767 842 750 829 737L588 500 833 258C863 229 863 200 833 171 804 137 775 137 742 167Z\"><\/path><\/svg>\t\t<\/div>\n\t\t\t\t\t<nav class=\"elementor-nav-menu--dropdown elementor-nav-menu__container\" aria-hidden=\"true\">\n\t\t\t\t<ul id=\"menu-2-3052a7b\" class=\"elementor-nav-menu sm-vertical\"><li class=\"menu-item menu-item-type-post_type menu-item-object-page menu-item-50013\"><a href=\"https:\/\/teknei.com\/en\/legal-notice\/\" class=\"elementor-item\" tabindex=\"-1\">Legal Notice<\/a><\/li>\n<li class=\"menu-item menu-item-type-post_type menu-item-object-page menu-item-50353\"><a href=\"https:\/\/teknei.com\/en\/cookies-policy\/\" class=\"elementor-item\" tabindex=\"-1\">Cookies Policy<\/a><\/li>\n<li class=\"menu-item menu-item-type-post_type menu-item-object-page menu-item-50350\"><a href=\"https:\/\/teknei.com\/en\/privacy-notice\/\" class=\"elementor-item\" tabindex=\"-1\">Privacy Notice<\/a><\/li>\n<li class=\"menu-item menu-item-type-post_type menu-item-object-page menu-item-50011\"><a href=\"https:\/\/teknei.com\/en\/code-of-conduct\/\" class=\"elementor-item\" tabindex=\"-1\">Code of Conduct<\/a><\/li>\n<li class=\"menu-item menu-item-type-post_type menu-item-object-page menu-item-50012\"><a href=\"https:\/\/teknei.com\/en\/complaint-channel\/\" class=\"elementor-item\" tabindex=\"-1\">Complaint Channel<\/a><\/li>\n<li class=\"menu-item menu-item-type-post_type menu-item-object-page menu-item-50351\"><a href=\"https:\/\/teknei.com\/en\/gis-policy\/\" class=\"elementor-item\" tabindex=\"-1\">GIS Policy<\/a><\/li>\n<li class=\"menu-item menu-item-type-post_type menu-item-object-page menu-item-50137\"><a href=\"https:\/\/teknei.com\/en\/information-security-policy-with-suppliers\/\" class=\"elementor-item\" tabindex=\"-1\">Information Security Policy with Suppliers<\/a><\/li>\n<li class=\"menu-item menu-item-type-post_type menu-item-object-page menu-item-50136\"><a href=\"https:\/\/teknei.com\/en\/environmental-policy\/\" class=\"elementor-item\" tabindex=\"-1\">Environmental policy<\/a><\/li>\n<li class=\"menu-item menu-item-type-post_type menu-item-object-page menu-item-50138\"><a href=\"https:\/\/teknei.com\/en\/strategic-vision-rdi\/\" class=\"elementor-item\" tabindex=\"-1\">Strategic vision R&amp;D&amp;I<\/a><\/li>\n<\/ul>\t\t\t<\/nav>\n\t\t\t\t\t\t<\/div>\n\t\t\t\t<\/div>\n\t\t\t\t<\/div>\n\t\t<div class=\"elementor-element elementor-element-e7f4b3a e-con-full e-flex e-con e-child\" data-id=\"e7f4b3a\" data-element_type=\"container\" data-e-type=\"container\">\n\t\t\t\t<div class=\"elementor-element elementor-element-cceeb33 elementor-widget elementor-widget-text-editor\" data-id=\"cceeb33\" data-element_type=\"widget\" data-e-type=\"widget\" data-widget_type=\"text-editor.default\">\n\t\t\t\t<div class=\"elementor-widget-container\">\n\t\t\t\t\t\t\t\t\t<h2>GIS Policy<\/h2>\n<p>All the actions of those who make up TEKNEI are aimed at satisfying the needs of our customers. In order to systematize these actions and have a homogeneous and efficient management system, the organization has decided to implement a system in accordance with International Standards: <strong>ISO 9001:2015, ISO 27001:2022, ISO 20000-1:2018, ISO 22301:2019, ISO 14001:2015, ISO 166002:2021, ISO 18295-1:2017 and Royal Decree 311\/2022, May 3, which regulates the National Security Scheme.<\/strong> <\/p>\n<p>This integrated management system (IMS) is based on TEKNEI&#8217;s Policy and is audited and reviewed periodically, following the principle of continuous improvement.<\/p>\n<p>The Policy is developed and complemented by a set of standards, guidelines and procedures that address specific aspects. This documentation, as well as the rest of the MIS documentation (processes, procedures, records, reports, evidences, programs&#8230;) is kept in its latest approved versions and accessible to the relevant people and interested parties based on the classification of the same and the need to know of each group or person. <\/p>\n<p>TEKNEI&#8217;s General Management assumes responsibility for providing the necessary means in products and services to meet the needs and expectations of customers and stakeholders, and to comply with applicable legal, regulatory and management requirements.<\/p>\n<p>It also designates the Integrated Management System Committee (IMS Committee) as the highest entity responsible for reviewing, maintaining and disseminating this policy, which, in turn, is communicated, disseminated and followed by all people in the organization and other interested parties (customers, collaborating companies and suppliers, etc.) that share services and products with TEKNEI or process their information, being mandatory within its scope of responsibility.<\/p>\n<p>The basic pillars on which TEKNEI&#8217;s Integrated Management System Policy is based are:<\/p>\n<ul>\n<li>Commitment to the needs and expectations of the clientele, which requires an adequate management of projects and services at a global level.<\/li>\n<li>Commitment to the needs and expectations of TEKNEI members.<\/li>\n<li>Establish the necessary measures to guarantee the protection of the integrity, availability, confidentiality, authenticity and traceability of the information handled by the organization&#8217;s personnel.<\/li>\n<li>Implementation of the necessary security controls to safeguard information and systems.<\/li>\n<li>Planning of actions to recover from a disaster in the shortest possible time, thus ensuring business continuity.<\/li>\n<li>Commitment to equal opportunities, without direct discrimination based on gender, ethnic origin, race, age, sexual identity, disability, sexual orientation, religious beliefs, language, cultural background or educational level. This principle of equality is applied in all areas of the organization (selection, promotion, salary policy, training, working and employment conditions, occupational health, working time management and work-life balance). <\/li>\n<li>Reduction of the environmental impact of TEKNEI&#8217;s activities, measurable through indicators and objectives that lead to an increasingly environmentally responsible activity.<\/li>\n<li>Awareness and training of all Teknei employees in the acquisition of good practices in environmental conduct and cybersecurity, through training courses, pills, manuals or communications, thus facilitating the adoption of good daily habits.<\/li>\n<li>Monitoring of environmental documentation, legislation and information applicable to the ICT sector.<\/li>\n<li>Research, development and innovation as a fundamental part of business success and the achievement of objectives.<\/li>\n<li>Commitment to continuous improvement at all levels and processes of the organization, following a PDCA cycle.<\/li>\n<li>Effective allocation of resources, roles and responsibilities.<\/li>\n<li>Proper management of suppliers and subcontractors, to ensure quality in our services\/products and processes.<\/li>\n<li>Awareness of the importance of implementing and developing a Management System.<\/li>\n<li>Implementation of internal management and control measures to comply with requirements and objectives.<\/li>\n<\/ul>\n<p>This policy is reviewed at least once a year, and is published for consultation according to TEKNEI&#8217;s management requirements.<\/p>\n<h6>Review and approval:<\/h6>\n<h6>August 13, 2024.<\/h6>\n<h6>Rafael L\u00f3pez<\/h6>\n<h6>Director-General &#8211; Teknei Group<\/h6>\n<h2> <\/h2>\t\t\t\t\t\t\t\t<\/div>\n\t\t\t\t<\/div>\n\t\t\t\t<\/div>\n\t\t\t\t<\/div>\n\t\t\t\t<\/div>\n\t\t<div id=\"e-n-tab-content-546713682\" role=\"tabpanel\" aria-labelledby=\"e-n-tab-title-546713682\" data-tab-index=\"2\" style=\"--n-tabs-title-order: 2;\" class=\" elementor-element elementor-element-3d3853d e-con-full e-flex e-con e-child\" data-id=\"3d3853d\" data-element_type=\"container\" data-e-type=\"container\">\n\t\t<div class=\"elementor-element elementor-element-17bbacb e-flex e-con-boxed e-con e-child\" data-id=\"17bbacb\" data-element_type=\"container\" data-e-type=\"container\">\n\t\t\t\t\t<div class=\"e-con-inner\">\n\t\t<div class=\"elementor-element elementor-element-ab39238 e-con-full e-flex e-con e-child\" data-id=\"ab39238\" data-element_type=\"container\" data-e-type=\"container\">\n\t\t\t\t<div class=\"elementor-element elementor-element-2524833 elementor-nav-menu--dropdown-tablet elementor-nav-menu__text-align-aside elementor-nav-menu--toggle elementor-nav-menu--burger elementor-widget elementor-widget-nav-menu\" data-id=\"2524833\" data-element_type=\"widget\" data-e-type=\"widget\" data-settings=\"{&quot;layout&quot;:&quot;vertical&quot;,&quot;submenu_icon&quot;:{&quot;value&quot;:&quot;&lt;svg aria-hidden=\\&quot;true\\&quot; class=\\&quot;e-font-icon-svg e-fas-caret-down\\&quot; viewBox=\\&quot;0 0 320 512\\&quot; xmlns=\\&quot;http:\\\/\\\/www.w3.org\\\/2000\\\/svg\\&quot;&gt;&lt;path d=\\&quot;M31.3 192h257.3c17.8 0 26.7 21.5 14.1 34.1L174.1 354.8c-7.8 7.8-20.5 7.8-28.3 0L17.2 226.1C4.6 213.5 13.5 192 31.3 192z\\&quot;&gt;&lt;\\\/path&gt;&lt;\\\/svg&gt;&quot;,&quot;library&quot;:&quot;fa-solid&quot;},&quot;toggle&quot;:&quot;burger&quot;}\" data-widget_type=\"nav-menu.default\">\n\t\t\t\t<div class=\"elementor-widget-container\">\n\t\t\t\t\t\t\t\t<nav aria-label=\"Men\u00fa\" class=\"elementor-nav-menu--main elementor-nav-menu__container elementor-nav-menu--layout-vertical e--pointer-none\">\n\t\t\t\t<ul id=\"menu-1-2524833\" class=\"elementor-nav-menu sm-vertical\"><li class=\"menu-item menu-item-type-post_type menu-item-object-page menu-item-49461\"><a href=\"https:\/\/teknei.com\/aviso-de-privacidad-mx\/\" class=\"elementor-item\">Privacy Notice<\/a><\/li>\n<li class=\"menu-item menu-item-type-post_type menu-item-object-page menu-item-49460\"><a href=\"https:\/\/teknei.com\/politica-de-calidad-mx\/\" class=\"elementor-item\">Quality Policy<\/a><\/li>\n<li class=\"menu-item menu-item-type-post_type menu-item-object-page menu-item-49459\"><a href=\"https:\/\/teknei.com\/politica-general-de-seguridad-de-la-informacion-mx\/\" class=\"elementor-item\">General Information Security Policy<\/a><\/li>\n<\/ul>\t\t\t<\/nav>\n\t\t\t\t\t<div class=\"elementor-menu-toggle\" role=\"button\" tabindex=\"0\" aria-label=\"Menu Toggle\" aria-expanded=\"false\">\n\t\t\t<svg aria-hidden=\"true\" role=\"presentation\" class=\"elementor-menu-toggle__icon--open e-font-icon-svg e-eicon-menu-bar\" viewBox=\"0 0 1000 1000\" xmlns=\"http:\/\/www.w3.org\/2000\/svg\"><path d=\"M104 333H896C929 333 958 304 958 271S929 208 896 208H104C71 208 42 237 42 271S71 333 104 333ZM104 583H896C929 583 958 554 958 521S929 458 896 458H104C71 458 42 487 42 521S71 583 104 583ZM104 833H896C929 833 958 804 958 771S929 708 896 708H104C71 708 42 737 42 771S71 833 104 833Z\"><\/path><\/svg><svg aria-hidden=\"true\" role=\"presentation\" class=\"elementor-menu-toggle__icon--close e-font-icon-svg e-eicon-close\" viewBox=\"0 0 1000 1000\" xmlns=\"http:\/\/www.w3.org\/2000\/svg\"><path d=\"M742 167L500 408 258 167C246 154 233 150 217 150 196 150 179 158 167 167 154 179 150 196 150 212 150 229 154 242 171 254L408 500 167 742C138 771 138 800 167 829 196 858 225 858 254 829L496 587 738 829C750 842 767 846 783 846 800 846 817 842 829 829 842 817 846 804 846 783 846 767 842 750 829 737L588 500 833 258C863 229 863 200 833 171 804 137 775 137 742 167Z\"><\/path><\/svg>\t\t<\/div>\n\t\t\t\t\t<nav class=\"elementor-nav-menu--dropdown elementor-nav-menu__container\" aria-hidden=\"true\">\n\t\t\t\t<ul id=\"menu-2-2524833\" class=\"elementor-nav-menu sm-vertical\"><li class=\"menu-item menu-item-type-post_type menu-item-object-page menu-item-49461\"><a href=\"https:\/\/teknei.com\/aviso-de-privacidad-mx\/\" class=\"elementor-item\" tabindex=\"-1\">Privacy Notice<\/a><\/li>\n<li class=\"menu-item menu-item-type-post_type menu-item-object-page menu-item-49460\"><a href=\"https:\/\/teknei.com\/politica-de-calidad-mx\/\" class=\"elementor-item\" tabindex=\"-1\">Quality Policy<\/a><\/li>\n<li class=\"menu-item menu-item-type-post_type menu-item-object-page menu-item-49459\"><a href=\"https:\/\/teknei.com\/politica-general-de-seguridad-de-la-informacion-mx\/\" class=\"elementor-item\" tabindex=\"-1\">General Information Security Policy<\/a><\/li>\n<\/ul>\t\t\t<\/nav>\n\t\t\t\t\t\t<\/div>\n\t\t\t\t<\/div>\n\t\t\t\t<\/div>\n\t\t<div class=\"elementor-element elementor-element-e24e94d e-con-full e-flex e-con e-child\" data-id=\"e24e94d\" data-element_type=\"container\" data-e-type=\"container\">\n\t\t\t\t<div class=\"elementor-element elementor-element-f1171e6 elementor-widget elementor-widget-text-editor\" data-id=\"f1171e6\" data-element_type=\"widget\" data-e-type=\"widget\" data-widget_type=\"text-editor.default\">\n\t\t\t\t<div class=\"elementor-widget-container\">\n\t\t\t\t\t\t\t\t\t<h2>Quality Policy<\/h2><p>Teknei, committed to the provision of services and delivery of technological products and human capital focused on the total satisfaction of its customers and stakeholders, promotes among its employees and collaborators compliance with laws, regulations, ISO 9001:2015 standards and its Quality Policy aimed at solving global quality requirements, according to the established processes, policies, procedures, manuals, etc. in an environment of continuous improvement, allowing it to achieve its objectives and critical success factors through its strategic, primary and support processes.<\/p>\t\t\t\t\t\t\t\t<\/div>\n\t\t\t\t<\/div>\n\t\t\t\t<\/div>\n\t\t\t\t\t<\/div>\n\t\t\t\t<\/div>\n\t\t\t\t<\/div>\n\t\t\t\t\t<\/div>\n\t\t<\/div>\n\t\t\t\t\t\t<\/div>\n\t\t\t\t<\/div>\n\t\t\t\t\t<\/div>\n\t\t\t\t<\/div>\n\t\t\t\t<\/div>\n\t\t","protected":false},"excerpt":{"rendered":"<p>Spain Mexico Aviso Legal Pol\u00edtica de Cookies Pol\u00edtica de Privacidad C\u00f3digo de Conducta Canal de Denuncia Pol\u00edtica del SIG Pol\u00edtica de Seguridad de la Informaci\u00f3n con Proveedores Pol\u00edtica medioambiental Visi\u00f3n estrat\u00e9gica I+D+i Aviso Legal Pol\u00edtica de Cookies Pol\u00edtica de Privacidad C\u00f3digo&#8230;<\/p>\n","protected":false},"author":2,"featured_media":44922,"parent":0,"menu_order":0,"comment_status":"closed","ping_status":"closed","template":"","meta":{"_acf_changed":false,"footnotes":""},"class_list":["post-50345","page","type-page","status-publish","has-post-thumbnail","hentry"],"acf":[],"_links":{"self":[{"href":"https:\/\/teknei.com\/en\/wp-json\/wp\/v2\/pages\/50345","targetHints":{"allow":["GET"]}}],"collection":[{"href":"https:\/\/teknei.com\/en\/wp-json\/wp\/v2\/pages"}],"about":[{"href":"https:\/\/teknei.com\/en\/wp-json\/wp\/v2\/types\/page"}],"author":[{"embeddable":true,"href":"https:\/\/teknei.com\/en\/wp-json\/wp\/v2\/users\/2"}],"replies":[{"embeddable":true,"href":"https:\/\/teknei.com\/en\/wp-json\/wp\/v2\/comments?post=50345"}],"version-history":[{"count":2,"href":"https:\/\/teknei.com\/en\/wp-json\/wp\/v2\/pages\/50345\/revisions"}],"predecessor-version":[{"id":50347,"href":"https:\/\/teknei.com\/en\/wp-json\/wp\/v2\/pages\/50345\/revisions\/50347"}],"wp:featuredmedia":[{"embeddable":true,"href":"https:\/\/teknei.com\/en\/wp-json\/wp\/v2\/media\/44922"}],"wp:attachment":[{"href":"https:\/\/teknei.com\/en\/wp-json\/wp\/v2\/media?parent=50345"}],"curies":[{"name":"wp","href":"https:\/\/api.w.org\/{rel}","templated":true}]}}