{"id":49902,"date":"2025-05-02T14:41:31","date_gmt":"2025-05-02T12:41:31","guid":{"rendered":"https:\/\/teknei.com\/lege-oharra\/"},"modified":"2025-10-30T13:23:34","modified_gmt":"2025-10-30T12:23:34","slug":"lege-oharra","status":"publish","type":"page","link":"https:\/\/teknei.com\/eu\/lege-oharra\/","title":{"rendered":"Lege Oharra"},"content":{"rendered":"\t\t<div data-elementor-type=\"wp-page\" data-elementor-id=\"49902\" class=\"elementor elementor-49902 elementor-38071\" data-elementor-post-type=\"page\">\n\t\t\t\t<div class=\"elementor-element elementor-element-54b7139 e-flex e-con-boxed e-con e-parent\" data-id=\"54b7139\" data-element_type=\"container\" data-e-type=\"container\">\n\t\t\t\t\t<div class=\"e-con-inner\">\n\t\t\t\t<div class=\"elementor-element elementor-element-efdd784 e-n-tabs-mobile elementor-widget elementor-widget-n-tabs\" data-id=\"efdd784\" data-element_type=\"widget\" data-e-type=\"widget\" data-settings=\"{&quot;horizontal_scroll&quot;:&quot;disable&quot;}\" data-widget_type=\"nested-tabs.default\">\n\t\t\t\t<div class=\"elementor-widget-container\">\n\t\t\t\t\t\t\t<div class=\"e-n-tabs\" data-widget-number=\"251516804\" aria-label=\"Tabs. Open items with Enter or Space, close with Escape and navigate using the Arrow keys.\">\n\t\t\t<div class=\"e-n-tabs-heading\" role=\"tablist\">\n\t\t\t\t\t<button id=\"e-n-tab-title-2515168041\" data-tab-title-id=\"e-n-tab-title-2515168041\" class=\"e-n-tab-title\" aria-selected=\"true\" data-tab-index=\"1\" role=\"tab\" tabindex=\"0\" aria-controls=\"e-n-tab-content-2515168041\" style=\"--n-tabs-title-order: 1;\">\n\t\t\t\t\t\t<span class=\"e-n-tab-title-text\">\n\t\t\t\tEstatua\t\t\t<\/span>\n\t\t<\/button>\n\t\t\t\t\t<\/div>\n\t\t\t<div class=\"e-n-tabs-content\">\n\t\t\t\t<div id=\"e-n-tab-content-2515168041\" role=\"tabpanel\" aria-labelledby=\"e-n-tab-title-2515168041\" data-tab-index=\"1\" style=\"--n-tabs-title-order: 1;\" class=\"e-active elementor-element elementor-element-3b5b6f0 e-con-full e-flex e-con e-child\" data-id=\"3b5b6f0\" data-element_type=\"container\" data-e-type=\"container\">\n\t\t<div class=\"elementor-element elementor-element-cc9dba7 e-flex e-con-boxed e-con e-child\" data-id=\"cc9dba7\" data-element_type=\"container\" data-e-type=\"container\">\n\t\t\t\t\t<div class=\"e-con-inner\">\n\t\t<div class=\"elementor-element elementor-element-9a8c75c e-con-full e-flex e-con e-child\" data-id=\"9a8c75c\" data-element_type=\"container\" data-e-type=\"container\">\n\t\t\t\t<div class=\"elementor-element elementor-element-471c6db elementor-nav-menu--dropdown-tablet elementor-nav-menu__text-align-aside elementor-nav-menu--toggle elementor-nav-menu--burger elementor-widget elementor-widget-nav-menu\" data-id=\"471c6db\" data-element_type=\"widget\" data-e-type=\"widget\" data-settings=\"{&quot;layout&quot;:&quot;vertical&quot;,&quot;submenu_icon&quot;:{&quot;value&quot;:&quot;&lt;svg aria-hidden=\\&quot;true\\&quot; class=\\&quot;e-font-icon-svg e-fas-caret-down\\&quot; viewBox=\\&quot;0 0 320 512\\&quot; xmlns=\\&quot;http:\\\/\\\/www.w3.org\\\/2000\\\/svg\\&quot;&gt;&lt;path d=\\&quot;M31.3 192h257.3c17.8 0 26.7 21.5 14.1 34.1L174.1 354.8c-7.8 7.8-20.5 7.8-28.3 0L17.2 226.1C4.6 213.5 13.5 192 31.3 192z\\&quot;&gt;&lt;\\\/path&gt;&lt;\\\/svg&gt;&quot;,&quot;library&quot;:&quot;fa-solid&quot;},&quot;toggle&quot;:&quot;burger&quot;}\" data-widget_type=\"nav-menu.default\">\n\t\t\t\t<div class=\"elementor-widget-container\">\n\t\t\t\t\t\t\t\t<nav aria-label=\"Men\u00fa\" class=\"elementor-nav-menu--main elementor-nav-menu__container elementor-nav-menu--layout-vertical e--pointer-none\">\n\t\t\t\t<ul id=\"menu-1-471c6db\" class=\"elementor-nav-menu sm-vertical\"><li class=\"menu-item menu-item-type-post_type menu-item-object-page menu-item-49941\"><a href=\"https:\/\/teknei.com\/eu\/lege-oharra\/\" class=\"elementor-item\">Lege Oharra<\/a><\/li>\n<li class=\"menu-item menu-item-type-post_type menu-item-object-page menu-item-49940\"><a href=\"https:\/\/teknei.com\/eu\/cookien-politika\/\" class=\"elementor-item\">Cookien politika<\/a><\/li>\n<li class=\"menu-item menu-item-type-post_type menu-item-object-page menu-item-49973\"><a href=\"https:\/\/teknei.com\/eu\/pribatutasun-politika\/\" class=\"elementor-item\">Pribatutasun politika<\/a><\/li>\n<li class=\"menu-item menu-item-type-post_type menu-item-object-page menu-item-49938\"><a href=\"https:\/\/teknei.com\/eu\/jokabide-kodea\/\" class=\"elementor-item\">Jokabide Kodea<\/a><\/li>\n<li class=\"menu-item menu-item-type-post_type menu-item-object-page menu-item-49939\"><a href=\"https:\/\/teknei.com\/eu\/salaketa-kanala\/\" class=\"elementor-item\">Salaketa-kanala<\/a><\/li>\n<li class=\"menu-item menu-item-type-post_type menu-item-object-page menu-item-49936\"><a href=\"https:\/\/teknei.com\/eu\/gis-politika\/\" class=\"elementor-item\">GIS politika<\/a><\/li>\n<li class=\"menu-item menu-item-type-post_type menu-item-object-page menu-item-49937\"><a href=\"https:\/\/teknei.com\/eu\/hornitzaileekiko-informazioaren-segurtasun-politika\/\" class=\"elementor-item\">Hornitzaileekiko Informazioaren Segurtasun Politika<\/a><\/li>\n<li class=\"menu-item menu-item-type-post_type menu-item-object-page menu-item-49972\"><a href=\"https:\/\/teknei.com\/eu\/ingurumen-politika\/\" class=\"elementor-item\">Ingurumen politika<\/a><\/li>\n<li class=\"menu-item menu-item-type-post_type menu-item-object-page menu-item-49971\"><a href=\"https:\/\/teknei.com\/eu\/igbrako-ikuspegi-estrategikoa\/\" class=\"elementor-item\">I+G+Brako ikuspegi estrategikoa<\/a><\/li>\n<\/ul>\t\t\t<\/nav>\n\t\t\t\t\t<div class=\"elementor-menu-toggle\" role=\"button\" tabindex=\"0\" aria-label=\"Menu Toggle\" aria-expanded=\"false\">\n\t\t\t<svg aria-hidden=\"true\" role=\"presentation\" class=\"elementor-menu-toggle__icon--open e-font-icon-svg e-eicon-menu-bar\" viewBox=\"0 0 1000 1000\" xmlns=\"http:\/\/www.w3.org\/2000\/svg\"><path d=\"M104 333H896C929 333 958 304 958 271S929 208 896 208H104C71 208 42 237 42 271S71 333 104 333ZM104 583H896C929 583 958 554 958 521S929 458 896 458H104C71 458 42 487 42 521S71 583 104 583ZM104 833H896C929 833 958 804 958 771S929 708 896 708H104C71 708 42 737 42 771S71 833 104 833Z\"><\/path><\/svg><svg aria-hidden=\"true\" role=\"presentation\" class=\"elementor-menu-toggle__icon--close e-font-icon-svg e-eicon-close\" viewBox=\"0 0 1000 1000\" xmlns=\"http:\/\/www.w3.org\/2000\/svg\"><path d=\"M742 167L500 408 258 167C246 154 233 150 217 150 196 150 179 158 167 167 154 179 150 196 150 212 150 229 154 242 171 254L408 500 167 742C138 771 138 800 167 829 196 858 225 858 254 829L496 587 738 829C750 842 767 846 783 846 800 846 817 842 829 829 842 817 846 804 846 783 846 767 842 750 829 737L588 500 833 258C863 229 863 200 833 171 804 137 775 137 742 167Z\"><\/path><\/svg>\t\t<\/div>\n\t\t\t\t\t<nav class=\"elementor-nav-menu--dropdown elementor-nav-menu__container\" aria-hidden=\"true\">\n\t\t\t\t<ul id=\"menu-2-471c6db\" class=\"elementor-nav-menu sm-vertical\"><li class=\"menu-item menu-item-type-post_type menu-item-object-page menu-item-49941\"><a href=\"https:\/\/teknei.com\/eu\/lege-oharra\/\" class=\"elementor-item\" tabindex=\"-1\">Lege Oharra<\/a><\/li>\n<li class=\"menu-item menu-item-type-post_type menu-item-object-page menu-item-49940\"><a href=\"https:\/\/teknei.com\/eu\/cookien-politika\/\" class=\"elementor-item\" tabindex=\"-1\">Cookien politika<\/a><\/li>\n<li class=\"menu-item menu-item-type-post_type menu-item-object-page menu-item-49973\"><a href=\"https:\/\/teknei.com\/eu\/pribatutasun-politika\/\" class=\"elementor-item\" tabindex=\"-1\">Pribatutasun politika<\/a><\/li>\n<li class=\"menu-item menu-item-type-post_type menu-item-object-page menu-item-49938\"><a href=\"https:\/\/teknei.com\/eu\/jokabide-kodea\/\" class=\"elementor-item\" tabindex=\"-1\">Jokabide Kodea<\/a><\/li>\n<li class=\"menu-item menu-item-type-post_type menu-item-object-page menu-item-49939\"><a href=\"https:\/\/teknei.com\/eu\/salaketa-kanala\/\" class=\"elementor-item\" tabindex=\"-1\">Salaketa-kanala<\/a><\/li>\n<li class=\"menu-item menu-item-type-post_type menu-item-object-page menu-item-49936\"><a href=\"https:\/\/teknei.com\/eu\/gis-politika\/\" class=\"elementor-item\" tabindex=\"-1\">GIS politika<\/a><\/li>\n<li class=\"menu-item menu-item-type-post_type menu-item-object-page menu-item-49937\"><a href=\"https:\/\/teknei.com\/eu\/hornitzaileekiko-informazioaren-segurtasun-politika\/\" class=\"elementor-item\" tabindex=\"-1\">Hornitzaileekiko Informazioaren Segurtasun Politika<\/a><\/li>\n<li class=\"menu-item menu-item-type-post_type menu-item-object-page menu-item-49972\"><a href=\"https:\/\/teknei.com\/eu\/ingurumen-politika\/\" class=\"elementor-item\" tabindex=\"-1\">Ingurumen politika<\/a><\/li>\n<li class=\"menu-item menu-item-type-post_type menu-item-object-page menu-item-49971\"><a href=\"https:\/\/teknei.com\/eu\/igbrako-ikuspegi-estrategikoa\/\" class=\"elementor-item\" tabindex=\"-1\">I+G+Brako ikuspegi estrategikoa<\/a><\/li>\n<\/ul>\t\t\t<\/nav>\n\t\t\t\t\t\t<\/div>\n\t\t\t\t<\/div>\n\t\t\t\t<\/div>\n\t\t<div class=\"elementor-element elementor-element-5a9b281 e-con-full e-flex e-con e-child\" data-id=\"5a9b281\" data-element_type=\"container\" data-e-type=\"container\">\n\t\t\t\t<div class=\"elementor-element elementor-element-1bb567d elementor-widget elementor-widget-text-editor\" data-id=\"1bb567d\" data-element_type=\"widget\" data-e-type=\"widget\" data-widget_type=\"text-editor.default\">\n\t\t\t\t<div class=\"elementor-widget-container\">\n\t\t\t\t\t\t\t\t\t<small>(2024\/10\/22tik indarrean dagoen idazketa)<\/small>\n<h3>Webgunearen jabea den enpresaren informazio legala eta identifikazioa<\/h3>\n<a title=\"Teknei hasierako orrialdearen esteka\" href=\"http:\/\/www.teknei.com\/\">www.teknei.com<\/a> Grupo Teknei IT SLren webgunea da, B04966446 IFK duena eta egoitza soziala Don Diego L\u00f3pez de Haro kaleko 17. kalean, 7. solairuan. 48001 Bilbao, Bizkaia. Bilboko Merkataritza Erregistroan erregistratuta dago (BI76724 orria, 6052 liburukia, 41. folioa) eta <a title=\"bidali mezu elektroniko bat info.es@teknei.com helbidera\" href=\"mailto:info.es@teknei.com\">info.es@teknei.com<\/a> helbide elektronikoa du.  \n\nTeknei-k Teknei IT Group Company zein bere filialak izendatzen ditu: Teknei Information Technology SL, Teknei Digital SA, Check it Bancario SL, Datua IA, SA, Teknei Consulting SL eta Servicios y Desarrollos Grupo Vermon SL\n\nTekneik webgune hau sortu du argitaratzen eta\/edo banatzen dituen produktuak eta eskaintzen dituen zerbitzuak aurkezteko, baita bere negozioarekin lotutako informazioa ere.\n<h3>Erabilera baldintzak<\/h3>\nXedapen hauek (aurrerantzean, \u201cErabilera Baldintzak\u201d) Tekneik <a title=\"Teknei hasierako orrialdearen esteka\" href=\"http:\/\/www.teknei.com\/\">www.teknei.com<\/a> domeinuaren (aurrerantzean \u201cWebgunea\u201d) bidez Interneteko erabiltzaileei (aurrerantzean \u201cErabiltzaileak\u201d) eskaintzen dien webgune zerbitzurako sarbidea eta erabilera arautzen dute.\n\nAurrekoa gorabehera, TEKNEI-k Webgunearen bidez Erabiltzaileen eskura jartzen dituen eduki batzuetarako sarbidea eta zerbitzu batzuetarako erabilera baldintza espezifiko batzuen menpe egon daitezke (aurrerantzean \u201cBaldintza Espezifikoak\u201d), eta horiek, kasuaren arabera, Erabilera Baldintza hauek ordezkatuko, osatuko eta\/edo aldatuko dituzte, eta, kontraesanik izanez gero, horien gainetik nagusituko dira.\n\nBeraz, eduki horietara sartu eta\/edo zerbitzu horiek erabili aurretik, Erabiltzaileak arretaz irakurri eta onartu beharko ditu horiek arautzen dituzten Baldintza Espezifikoak, aipatutako sarbide eta erabilera unean argitaratutako bertsioan.\n\nBaldintza hauek arautzen dute <a title=\"Teknei hasierako orrialdearen esteka\" href=\"http:\/\/www.teknei.com\/\">www.teknei.com<\/a> webgunearen erabilera baimendua:\n<ul>\n \t<li><strong>Sarbidea<\/strong><\/li>\n<\/ul>\nSarbidea publikoa eta doakoa da, sareko sarbide-zerbitzua kontratatu duzun operadoreak kobratu dezakeen internet konexioaren kostua izan ezik.\n\nWebguneko atal batzuk erregistratutako bezeroentzat soilik egon daitezke, erabiltzaile-izen eta pasahitz baten bidez eskuragarri. Ez saiatu inoiz atal mugatuetara sartzen, berariaz eta zehazki erabiltzaile-izen eta pasahitz baten bidez baimendu ez bazaizu. Erabiltzaile-izenak eta pasahitzak pertsonalak eta besterenezinak dira. \n<ul>\n \t<li><strong>  Orrialdeko aldaketak, etenaldiak edo sarbideko akatsak.  <\/strong><\/li>\n<\/ul>\n<a title=\"Teknei hasierako orrialdearen esteka\" href=\"http:\/\/www.teknei.com\/\">www.Teknei.com-ek<\/a> webgunean jasotako informazioa, konfigurazioa eta aurkezpena, baita sarbide-baldintzak ere, edozein unetan eta aldez aurretik jakinarazi gabe aldatzeko eskubidea gordetzen du.\n<ul>\n \t<li><strong>  Edukiak eta lotutako orrialdeak.<\/strong><\/li>\n<\/ul>\nTekneik webgunearen bidez erabiltzaileen eskura jartzen ditu lotura-gailu teknikoak (adibidez,\n botoiak, estekak eta bannerrak) erabiltzaileak beste webgune edo Interneteko atari batzuetara eraman ditzaketenak\n hirugarrenen jabetzakoak edo kudeatutakoak eta Tekneik ez duen inolako kontrolik gainean (hau da,\n hemendik aurrera \u201cLotutako Guneak\u201d)\n\nTekneik ez ditu ezagutzen edo kontrolatzen inola ere Estekatutako Guneetan sartutako edukia eta zerbitzuak, eta,\n Horietarako sarbidea sartzeak ez du inola ere esan nahi (i) TEKNEI-k edukia gomendatzen edo onartzen duenik eta\n Estekatutako Guneetan ostatatutako zerbitzuak; eta\/edo (ii) nolabaiteko harreman, lankidetza edo mendekotasuna dagoela\n Tekneiren eta Lotutako Gunearen arduradunaren artean.\n\nOndorioz, Tekneik ez du inolako erantzukizunik hartzen Estekatutako Guneengatik eta, beraz, ez da haien funtzionamenduaren, bertan ostatatutako edukiaren eta zerbitzuen edo aipatutako Estekatutako Guneetan dauden esteken erantzule.\n\nErabiltzaileak Estekatutako Gune baten bidez egindako edukien, zerbitzuen edo beste edozein jardueraren legez kanpokoa edo desegokitasunaz jabetzen bada, berehala jakinarazi beharko dio Tekneiri, Tekneik, hala badagokio, egoki ikusten dituen neurriak har ditzan.\n<ul>\n \t<li><strong>  Hiperestekak<\/strong><\/li>\n<\/ul>\nWebgunerako hiperestekak sortzea Tekneiren aldez aurretiko idatzizko baimenaren menpe dago.\n<ul>\n \t<li><strong>Erantzukizunak<\/strong><\/li>\n<\/ul>\nTekneik ez du inola ere erantzukizunik izango Lege Ohar hau ez irakurtzeagatik edo hemen zehaztutako betebeharrak ez betetzeagatik zuzenean edo zeharka sor daitezkeen edozein motatako kalteengatik. Era berean, baldintza eta termino hauekin bat etorriz, Tekneik ez du erantzukizunik hartzen webgunearen edo haren edukiaren transmisio, hedapen, biltegiratze, eskuragarri jartzea, jasotzea, lortzea edo sarbidetik sor daitezkeen edozein motatako kalteengatik. \n<ul>\n \t<li><strong>Jabetza intelektuala<\/strong><\/li>\n<\/ul>\nTeknei da webgune honen jabetza intelektualaren eskubide guztien jabe bakarra. Webgunea osatzen duten elementu guztiak, hala nola testua, irudiak, marrazkiak, grafikoak, argazkiak, datu-baseak, soinuak, bideoak eta softwarea, Tekneiren edo Tekneiri baimena eman dion hirugarren baten jabetzakoak dira, webgunean eta bere funtzionamenduan edozein metodoren bidez erabiltzeko eta erreproduzitzeko. \n\nWebgune honetara sartzeak ez dizu webgunearen edo bertan dagoen materialaren gaineko jabetza intelektualaren eskubiderik ematen. Debekatuta dago webgune honen edozein zatiren erreprodukzio, irudikapen, erabilera, banaketa, argitalpen, egokitzapen edo aldaketa, osorik edo zati batean. \n<ul>\n \t<li><strong>Aplikagarria den Legea<\/strong><\/li>\n<\/ul>\nLege Ohar hau Espainiako legediaren arabera arautzen da alderdi guztietan.\t\t\t\t\t\t\t\t<\/div>\n\t\t\t\t<\/div>\n\t\t\t\t<\/div>\n\t\t\t\t\t<\/div>\n\t\t\t\t<\/div>\n\t\t\t\t<\/div>\n\t\t\t\t\t<\/div>\n\t\t<\/div>\n\t\t\t\t\t\t<\/div>\n\t\t\t\t<\/div>\n\t\t\t\t\t<\/div>\n\t\t\t\t<\/div>\n\t\t\t\t<\/div>\n\t\t","protected":false},"excerpt":{"rendered":"<p>Estatua Aviso Legal Pol\u00edtica de Cookies Pol\u00edtica de Privacidad C\u00f3digo de Conducta Canal de Denuncia Pol\u00edtica del SIG Pol\u00edtica de Seguridad de la Informaci\u00f3n con Proveedores Pol\u00edtica medioambiental Visi\u00f3n estrat\u00e9gica I+D+i Aviso Legal Pol\u00edtica de Cookies Pol\u00edtica de Privacidad C\u00f3digo de&#8230;<\/p>\n","protected":false},"author":7,"featured_media":44921,"parent":0,"menu_order":0,"comment_status":"closed","ping_status":"closed","template":"","meta":{"_acf_changed":false,"footnotes":""},"class_list":["post-49902","page","type-page","status-publish","has-post-thumbnail","hentry"],"acf":[],"_links":{"self":[{"href":"https:\/\/teknei.com\/eu\/wp-json\/wp\/v2\/pages\/49902","targetHints":{"allow":["GET"]}}],"collection":[{"href":"https:\/\/teknei.com\/eu\/wp-json\/wp\/v2\/pages"}],"about":[{"href":"https:\/\/teknei.com\/eu\/wp-json\/wp\/v2\/types\/page"}],"author":[{"embeddable":true,"href":"https:\/\/teknei.com\/eu\/wp-json\/wp\/v2\/users\/7"}],"replies":[{"embeddable":true,"href":"https:\/\/teknei.com\/eu\/wp-json\/wp\/v2\/comments?post=49902"}],"version-history":[{"count":5,"href":"https:\/\/teknei.com\/eu\/wp-json\/wp\/v2\/pages\/49902\/revisions"}],"predecessor-version":[{"id":49963,"href":"https:\/\/teknei.com\/eu\/wp-json\/wp\/v2\/pages\/49902\/revisions\/49963"}],"wp:featuredmedia":[{"embeddable":true,"href":"https:\/\/teknei.com\/eu\/wp-json\/wp\/v2\/media\/44921"}],"wp:attachment":[{"href":"https:\/\/teknei.com\/eu\/wp-json\/wp\/v2\/media?parent=49902"}],"curies":[{"name":"wp","href":"https:\/\/api.w.org\/{rel}","templated":true}]}}