{"id":49906,"date":"2025-05-02T14:43:57","date_gmt":"2025-05-02T12:43:57","guid":{"rendered":"https:\/\/teknei.com\/salaketa-kanala\/"},"modified":"2025-11-03T10:03:04","modified_gmt":"2025-11-03T09:03:04","slug":"salaketa-kanala","status":"publish","type":"page","link":"https:\/\/teknei.com\/eu\/salaketa-kanala\/","title":{"rendered":"Salaketa-kanala"},"content":{"rendered":"\t\t<div data-elementor-type=\"wp-page\" data-elementor-id=\"49906\" class=\"elementor elementor-49906 elementor-38077\" data-elementor-post-type=\"page\">\n\t\t\t\t<div class=\"elementor-element elementor-element-8a82d06 e-flex e-con-boxed e-con e-parent\" data-id=\"8a82d06\" data-element_type=\"container\" data-e-type=\"container\">\n\t\t\t\t\t<div class=\"e-con-inner\">\n\t\t\t\t<div class=\"elementor-element elementor-element-d76b83b e-n-tabs-mobile elementor-widget elementor-widget-n-tabs\" data-id=\"d76b83b\" data-element_type=\"widget\" data-e-type=\"widget\" data-settings=\"{&quot;horizontal_scroll&quot;:&quot;disable&quot;}\" data-widget_type=\"nested-tabs.default\">\n\t\t\t\t<div class=\"elementor-widget-container\">\n\t\t\t\t\t\t\t<div class=\"e-n-tabs\" data-widget-number=\"225884219\" aria-label=\"Tabs. Open items with Enter or Space, close with Escape and navigate using the Arrow keys.\">\n\t\t\t<div class=\"e-n-tabs-heading\" role=\"tablist\">\n\t\t\t\t\t<button id=\"e-n-tab-title-2258842191\" data-tab-title-id=\"e-n-tab-title-2258842191\" class=\"e-n-tab-title\" aria-selected=\"true\" data-tab-index=\"1\" role=\"tab\" tabindex=\"0\" aria-controls=\"e-n-tab-content-2258842191\" style=\"--n-tabs-title-order: 1;\">\n\t\t\t\t\t\t<span class=\"e-n-tab-title-text\">\n\t\t\t\tEstatua\t\t\t<\/span>\n\t\t<\/button>\n\t\t\t\t<button id=\"e-n-tab-title-2258842192\" data-tab-title-id=\"e-n-tab-title-2258842192\" class=\"e-n-tab-title\" aria-selected=\"false\" data-tab-index=\"2\" role=\"tab\" tabindex=\"-1\" aria-controls=\"e-n-tab-content-2258842192\" style=\"--n-tabs-title-order: 2;\">\n\t\t\t\t\t\t<span class=\"e-n-tab-title-text\">\n\t\t\t\tMexiko\t\t\t<\/span>\n\t\t<\/button>\n\t\t\t\t\t<\/div>\n\t\t\t<div class=\"e-n-tabs-content\">\n\t\t\t\t<div id=\"e-n-tab-content-2258842191\" role=\"tabpanel\" aria-labelledby=\"e-n-tab-title-2258842191\" data-tab-index=\"1\" style=\"--n-tabs-title-order: 1;\" class=\"e-active elementor-element elementor-element-dff3db0 e-con-full e-flex e-con e-child\" data-id=\"dff3db0\" data-element_type=\"container\" data-e-type=\"container\">\n\t\t<div class=\"elementor-element elementor-element-7aaddee e-flex e-con-boxed e-con e-child\" data-id=\"7aaddee\" data-element_type=\"container\" data-e-type=\"container\">\n\t\t\t\t\t<div class=\"e-con-inner\">\n\t\t<div class=\"elementor-element elementor-element-3b78828 e-con-full e-flex e-con e-child\" data-id=\"3b78828\" data-element_type=\"container\" data-e-type=\"container\">\n\t\t\t\t<div class=\"elementor-element elementor-element-fa34448 elementor-nav-menu--dropdown-tablet elementor-nav-menu__text-align-aside elementor-nav-menu--toggle elementor-nav-menu--burger elementor-widget elementor-widget-nav-menu\" data-id=\"fa34448\" data-element_type=\"widget\" data-e-type=\"widget\" data-settings=\"{&quot;layout&quot;:&quot;vertical&quot;,&quot;submenu_icon&quot;:{&quot;value&quot;:&quot;&lt;svg aria-hidden=\\&quot;true\\&quot; class=\\&quot;e-font-icon-svg e-fas-caret-down\\&quot; viewBox=\\&quot;0 0 320 512\\&quot; xmlns=\\&quot;http:\\\/\\\/www.w3.org\\\/2000\\\/svg\\&quot;&gt;&lt;path d=\\&quot;M31.3 192h257.3c17.8 0 26.7 21.5 14.1 34.1L174.1 354.8c-7.8 7.8-20.5 7.8-28.3 0L17.2 226.1C4.6 213.5 13.5 192 31.3 192z\\&quot;&gt;&lt;\\\/path&gt;&lt;\\\/svg&gt;&quot;,&quot;library&quot;:&quot;fa-solid&quot;},&quot;toggle&quot;:&quot;burger&quot;}\" data-widget_type=\"nav-menu.default\">\n\t\t\t\t<div class=\"elementor-widget-container\">\n\t\t\t\t\t\t\t\t<nav aria-label=\"Men\u00fa\" class=\"elementor-nav-menu--main elementor-nav-menu__container elementor-nav-menu--layout-vertical e--pointer-text e--animation-none\">\n\t\t\t\t<ul id=\"menu-1-fa34448\" class=\"elementor-nav-menu sm-vertical\"><li class=\"menu-item menu-item-type-post_type menu-item-object-page menu-item-49941\"><a href=\"https:\/\/teknei.com\/eu\/lege-oharra\/\" class=\"elementor-item\">Lege Oharra<\/a><\/li>\n<li class=\"menu-item menu-item-type-post_type menu-item-object-page menu-item-49940\"><a href=\"https:\/\/teknei.com\/eu\/cookien-politika\/\" class=\"elementor-item\">Cookien politika<\/a><\/li>\n<li class=\"menu-item menu-item-type-post_type menu-item-object-page menu-item-49973\"><a href=\"https:\/\/teknei.com\/eu\/pribatutasun-politika\/\" class=\"elementor-item\">Pribatutasun politika<\/a><\/li>\n<li class=\"menu-item menu-item-type-post_type menu-item-object-page menu-item-49938\"><a href=\"https:\/\/teknei.com\/eu\/jokabide-kodea\/\" class=\"elementor-item\">Jokabide Kodea<\/a><\/li>\n<li class=\"menu-item menu-item-type-post_type menu-item-object-page menu-item-49939\"><a href=\"https:\/\/teknei.com\/eu\/salaketa-kanala\/\" class=\"elementor-item\">Salaketa-kanala<\/a><\/li>\n<li class=\"menu-item menu-item-type-post_type menu-item-object-page menu-item-49936\"><a href=\"https:\/\/teknei.com\/eu\/gis-politika\/\" class=\"elementor-item\">GIS politika<\/a><\/li>\n<li class=\"menu-item menu-item-type-post_type menu-item-object-page menu-item-49937\"><a href=\"https:\/\/teknei.com\/eu\/hornitzaileekiko-informazioaren-segurtasun-politika\/\" class=\"elementor-item\">Hornitzaileekiko Informazioaren Segurtasun Politika<\/a><\/li>\n<li class=\"menu-item menu-item-type-post_type menu-item-object-page menu-item-49972\"><a href=\"https:\/\/teknei.com\/eu\/ingurumen-politika\/\" class=\"elementor-item\">Ingurumen politika<\/a><\/li>\n<li class=\"menu-item menu-item-type-post_type menu-item-object-page menu-item-49971\"><a href=\"https:\/\/teknei.com\/eu\/igbrako-ikuspegi-estrategikoa\/\" class=\"elementor-item\">I+G+Brako ikuspegi estrategikoa<\/a><\/li>\n<\/ul>\t\t\t<\/nav>\n\t\t\t\t\t<div class=\"elementor-menu-toggle\" role=\"button\" tabindex=\"0\" aria-label=\"Menu Toggle\" aria-expanded=\"false\">\n\t\t\t<svg aria-hidden=\"true\" role=\"presentation\" class=\"elementor-menu-toggle__icon--open e-font-icon-svg e-eicon-menu-bar\" viewBox=\"0 0 1000 1000\" xmlns=\"http:\/\/www.w3.org\/2000\/svg\"><path d=\"M104 333H896C929 333 958 304 958 271S929 208 896 208H104C71 208 42 237 42 271S71 333 104 333ZM104 583H896C929 583 958 554 958 521S929 458 896 458H104C71 458 42 487 42 521S71 583 104 583ZM104 833H896C929 833 958 804 958 771S929 708 896 708H104C71 708 42 737 42 771S71 833 104 833Z\"><\/path><\/svg><svg aria-hidden=\"true\" role=\"presentation\" class=\"elementor-menu-toggle__icon--close e-font-icon-svg e-eicon-close\" viewBox=\"0 0 1000 1000\" xmlns=\"http:\/\/www.w3.org\/2000\/svg\"><path d=\"M742 167L500 408 258 167C246 154 233 150 217 150 196 150 179 158 167 167 154 179 150 196 150 212 150 229 154 242 171 254L408 500 167 742C138 771 138 800 167 829 196 858 225 858 254 829L496 587 738 829C750 842 767 846 783 846 800 846 817 842 829 829 842 817 846 804 846 783 846 767 842 750 829 737L588 500 833 258C863 229 863 200 833 171 804 137 775 137 742 167Z\"><\/path><\/svg>\t\t<\/div>\n\t\t\t\t\t<nav class=\"elementor-nav-menu--dropdown elementor-nav-menu__container\" aria-hidden=\"true\">\n\t\t\t\t<ul id=\"menu-2-fa34448\" class=\"elementor-nav-menu sm-vertical\"><li class=\"menu-item menu-item-type-post_type menu-item-object-page menu-item-49941\"><a href=\"https:\/\/teknei.com\/eu\/lege-oharra\/\" class=\"elementor-item\" tabindex=\"-1\">Lege Oharra<\/a><\/li>\n<li class=\"menu-item menu-item-type-post_type menu-item-object-page menu-item-49940\"><a href=\"https:\/\/teknei.com\/eu\/cookien-politika\/\" class=\"elementor-item\" tabindex=\"-1\">Cookien politika<\/a><\/li>\n<li class=\"menu-item menu-item-type-post_type menu-item-object-page menu-item-49973\"><a href=\"https:\/\/teknei.com\/eu\/pribatutasun-politika\/\" class=\"elementor-item\" tabindex=\"-1\">Pribatutasun politika<\/a><\/li>\n<li class=\"menu-item menu-item-type-post_type menu-item-object-page menu-item-49938\"><a href=\"https:\/\/teknei.com\/eu\/jokabide-kodea\/\" class=\"elementor-item\" tabindex=\"-1\">Jokabide Kodea<\/a><\/li>\n<li class=\"menu-item menu-item-type-post_type menu-item-object-page menu-item-49939\"><a href=\"https:\/\/teknei.com\/eu\/salaketa-kanala\/\" class=\"elementor-item\" tabindex=\"-1\">Salaketa-kanala<\/a><\/li>\n<li class=\"menu-item menu-item-type-post_type menu-item-object-page menu-item-49936\"><a href=\"https:\/\/teknei.com\/eu\/gis-politika\/\" class=\"elementor-item\" tabindex=\"-1\">GIS politika<\/a><\/li>\n<li class=\"menu-item menu-item-type-post_type menu-item-object-page menu-item-49937\"><a href=\"https:\/\/teknei.com\/eu\/hornitzaileekiko-informazioaren-segurtasun-politika\/\" class=\"elementor-item\" tabindex=\"-1\">Hornitzaileekiko Informazioaren Segurtasun Politika<\/a><\/li>\n<li class=\"menu-item menu-item-type-post_type menu-item-object-page menu-item-49972\"><a href=\"https:\/\/teknei.com\/eu\/ingurumen-politika\/\" class=\"elementor-item\" tabindex=\"-1\">Ingurumen politika<\/a><\/li>\n<li class=\"menu-item menu-item-type-post_type menu-item-object-page menu-item-49971\"><a href=\"https:\/\/teknei.com\/eu\/igbrako-ikuspegi-estrategikoa\/\" class=\"elementor-item\" tabindex=\"-1\">I+G+Brako ikuspegi estrategikoa<\/a><\/li>\n<\/ul>\t\t\t<\/nav>\n\t\t\t\t\t\t<\/div>\n\t\t\t\t<\/div>\n\t\t\t\t<\/div>\n\t\t<div class=\"elementor-element elementor-element-a6d05bc e-con-full e-flex e-con e-child\" data-id=\"a6d05bc\" data-element_type=\"container\" data-e-type=\"container\">\n\t\t\t\t<div class=\"elementor-element elementor-element-bbfcf4e elementor-widget elementor-widget-text-editor\" data-id=\"bbfcf4e\" data-element_type=\"widget\" data-e-type=\"widget\" data-widget_type=\"text-editor.default\">\n\t\t\t\t<div class=\"elementor-widget-container\">\n\t\t\t\t\t\t\t\t\t<p>GRUPO TEKNEI IT SL-k bere erakundeko kide guztiei, langileei, akziodunei, bezeroei eta hornitzaile diren enpresei eta partikularrei postontzi edo kexa-kanal bat eskaintzen die Jokabide Kodearen ez-betetzearekin lotutako edozein ekintza salatzeko.<\/p><p>Salaketa-kanala Araudia Betetzeko Batzordeak kudeatuko du, estatuko eta nazioarteko araudiek eskatzen dituzten konfidentzialtasun, independentzia eta babes-bermeekin.<\/p><p>Kanaleko helburua enpresan jokabide irregular edo desegokiren bat identifikatzen dutenek mendekuaren beldurrik gabe eta konfidentzialtasuna bermatuta salatu ahal izateko tresna bat ezartzea da.<\/p><p>Jokabide irregularren bat antzematen duten edo ezagutzen duten pertsonek, edo Barne Jokabidearen Kodean ezarritakoa urratzen dutenek,<a href=\"https:\/\/whistleblowersoftware.com\/secure\/teknei\" target=\"_blank\" rel=\"noopener\"> lotura honen bidez<\/a> salatu ahal izango dute.<\/p><p>Ondoren, Araudia Betetzeko Batzordeak izango du aipatutako kexa kudeatu eta ikertzeaz arduratuko den neurrian, ezarritako prozeduraren arabera.<\/p><p>Informazio gehiago lortzeko, <strong>Tekneiren Etika eta Lege Betetze Kodera<\/strong> sar zaitezke, publikoa eta eskuragarria dena hurrengo estekaren bidez:  <\/p>\t\t\t\t\t\t\t\t<\/div>\n\t\t\t\t<\/div>\n\t\t\t\t<div class=\"elementor-element elementor-element-46ef0da neuros-button-type-alt neuros-button-border-style-gradient neuros-button-bakground-style-solid elementor-widget elementor-widget-neuros_button\" data-id=\"46ef0da\" data-element_type=\"widget\" data-e-type=\"widget\" data-widget_type=\"neuros_button.default\">\n\t\t\t\t<div class=\"elementor-widget-container\">\n\t\t\t\t\t\n        <div class=\"button-widget\">\n            <div class=\"button-container\">\n                                <a class=\"neuros-button\" href=\"\/wp-content\/uploads\/2025\/10\/3.%2020251020%20-%20GRUPO%20TEKNEI%20-%20Co\u0301digo%20E\u0301tico.pdf\" href=\"\/wp-content\/uploads\/2025\/10\/3.%2020251020%20-%20GRUPO%20TEKNEI%20-%20Co\u0301digo%20E\u0301tico.pdf\" target=\"_blank\">Teknei Taldearen Kode-Etikoa                        <span class=\"icon-button-arrow left\"><\/span><span class=\"icon-button-arrow right\"><\/span>                    \n                    <span class=\"button-inner\"><\/span>\n                <\/a>\n                            <\/div>\n        <\/div>\n        \t\t\t\t<\/div>\n\t\t\t\t<\/div>\n\t\t\t\t<\/div>\n\t\t\t\t\t<\/div>\n\t\t\t\t<\/div>\n\t\t\t\t<\/div>\n\t\t<div id=\"e-n-tab-content-2258842192\" role=\"tabpanel\" aria-labelledby=\"e-n-tab-title-2258842192\" data-tab-index=\"2\" style=\"--n-tabs-title-order: 2;\" class=\" elementor-element elementor-element-fcd8b45 e-flex e-con-boxed e-con e-child\" data-id=\"fcd8b45\" data-element_type=\"container\" data-e-type=\"container\">\n\t\t\t\t\t<div class=\"e-con-inner\">\n\t\t<div class=\"elementor-element elementor-element-7d1ce5f e-con-full e-flex e-con e-child\" data-id=\"7d1ce5f\" data-element_type=\"container\" data-e-type=\"container\">\n\t\t<div class=\"elementor-element elementor-element-495bb5d e-con-full e-flex e-con e-child\" data-id=\"495bb5d\" data-element_type=\"container\" data-e-type=\"container\">\n\t\t\t\t<div class=\"elementor-element elementor-element-2e2ce9f elementor-nav-menu--dropdown-tablet elementor-nav-menu__text-align-aside elementor-nav-menu--toggle elementor-nav-menu--burger elementor-widget elementor-widget-nav-menu\" data-id=\"2e2ce9f\" data-element_type=\"widget\" data-e-type=\"widget\" data-settings=\"{&quot;layout&quot;:&quot;vertical&quot;,&quot;submenu_icon&quot;:{&quot;value&quot;:&quot;&lt;svg aria-hidden=\\&quot;true\\&quot; class=\\&quot;e-font-icon-svg e-fas-caret-down\\&quot; viewBox=\\&quot;0 0 320 512\\&quot; xmlns=\\&quot;http:\\\/\\\/www.w3.org\\\/2000\\\/svg\\&quot;&gt;&lt;path d=\\&quot;M31.3 192h257.3c17.8 0 26.7 21.5 14.1 34.1L174.1 354.8c-7.8 7.8-20.5 7.8-28.3 0L17.2 226.1C4.6 213.5 13.5 192 31.3 192z\\&quot;&gt;&lt;\\\/path&gt;&lt;\\\/svg&gt;&quot;,&quot;library&quot;:&quot;fa-solid&quot;},&quot;toggle&quot;:&quot;burger&quot;}\" data-widget_type=\"nav-menu.default\">\n\t\t\t\t<div class=\"elementor-widget-container\">\n\t\t\t\t\t\t\t\t<nav aria-label=\"Men\u00fa\" class=\"elementor-nav-menu--main elementor-nav-menu__container elementor-nav-menu--layout-vertical e--pointer-text e--animation-none\">\n\t\t\t\t<ul id=\"menu-1-2e2ce9f\" class=\"elementor-nav-menu sm-vertical\"><li class=\"menu-item menu-item-type-post_type menu-item-object-page menu-item-49461\"><a href=\"https:\/\/teknei.com\/aviso-de-privacidad-mx\/\" class=\"elementor-item\">Pribatutasun Oharra MX<\/a><\/li>\n<\/ul>\t\t\t<\/nav>\n\t\t\t\t\t<div class=\"elementor-menu-toggle\" role=\"button\" tabindex=\"0\" aria-label=\"Menu Toggle\" aria-expanded=\"false\">\n\t\t\t<svg aria-hidden=\"true\" role=\"presentation\" class=\"elementor-menu-toggle__icon--open e-font-icon-svg e-eicon-menu-bar\" viewBox=\"0 0 1000 1000\" xmlns=\"http:\/\/www.w3.org\/2000\/svg\"><path d=\"M104 333H896C929 333 958 304 958 271S929 208 896 208H104C71 208 42 237 42 271S71 333 104 333ZM104 583H896C929 583 958 554 958 521S929 458 896 458H104C71 458 42 487 42 521S71 583 104 583ZM104 833H896C929 833 958 804 958 771S929 708 896 708H104C71 708 42 737 42 771S71 833 104 833Z\"><\/path><\/svg><svg aria-hidden=\"true\" role=\"presentation\" class=\"elementor-menu-toggle__icon--close e-font-icon-svg e-eicon-close\" viewBox=\"0 0 1000 1000\" xmlns=\"http:\/\/www.w3.org\/2000\/svg\"><path d=\"M742 167L500 408 258 167C246 154 233 150 217 150 196 150 179 158 167 167 154 179 150 196 150 212 150 229 154 242 171 254L408 500 167 742C138 771 138 800 167 829 196 858 225 858 254 829L496 587 738 829C750 842 767 846 783 846 800 846 817 842 829 829 842 817 846 804 846 783 846 767 842 750 829 737L588 500 833 258C863 229 863 200 833 171 804 137 775 137 742 167Z\"><\/path><\/svg>\t\t<\/div>\n\t\t\t\t\t<nav class=\"elementor-nav-menu--dropdown elementor-nav-menu__container\" aria-hidden=\"true\">\n\t\t\t\t<ul id=\"menu-2-2e2ce9f\" class=\"elementor-nav-menu sm-vertical\"><li class=\"menu-item menu-item-type-post_type menu-item-object-page menu-item-49461\"><a href=\"https:\/\/teknei.com\/aviso-de-privacidad-mx\/\" class=\"elementor-item\" tabindex=\"-1\">Pribatutasun Oharra MX<\/a><\/li>\n<\/ul>\t\t\t<\/nav>\n\t\t\t\t\t\t<\/div>\n\t\t\t\t<\/div>\n\t\t\t\t<\/div>\n\t\t<div class=\"elementor-element elementor-element-473a4ee e-con-full e-flex e-con e-child\" data-id=\"473a4ee\" data-element_type=\"container\" data-e-type=\"container\">\n\t\t\t\t<div class=\"elementor-element elementor-element-fb20112 elementor-widget elementor-widget-text-editor\" data-id=\"fb20112\" data-element_type=\"widget\" data-e-type=\"widget\" data-widget_type=\"text-editor.default\">\n\t\t\t\t<div class=\"elementor-widget-container\">\n\t\t\t\t\t\t\t\t\t<p><small>(Indarrean 2025eko martxoaren 1etik aurrera)<\/small><\/p><p>Dokumentu honek <strong>Pribatutasun Oharra<\/strong> osatzen du Datu Pertsonalen Babesari buruzko Lege Federalaren (&#8220;DPDLP&#8221;) eta bertatik sortzen diren edo harekin lotutako xedapenen ondorioetarako, eta bere helburua titularrei beren datu pertsonalen tratamenduaren irismena eta baldintza orokorrak jakinaraztea da, horien tratamenduari buruzko erabaki informatuak hartu ahal izan ditzaten.<\/p><h4><strong>I. ARDURADUNAREN IDENTITATEA ETA HELBIDEA<\/strong><\/h4><p>Teknei, Kapital Aldakorreko Sozietate Anonimoa (\u201cArduraduna\u201d), helbidea honako hau duena: Masaryk 101, 1401 bulegoa, 43. barnealdea, Polanco Col., Del. Miguel Hidalgo, CP 11560, Mexiko Hiria, Mexiko, Titularraren datu pertsonalak eta datu pertsonal sentikorrak biltzeaz, horien tratamenduaz eta babesaz arduratzen da.  <\/p><h4><strong>II. TRATATUKO DIREN DATU PERTSONALAK <\/strong><\/h4><p>Arduradunaren zerbitzuak behar bezala emateko, Datuen Subjektuaren datu pertsonalak bilduko ditugu pertsonalki, zuzenean edo eskualdatuz, Datuen Subjektuak Arduradunei edo haien Tratatzaileei aldez aurretik emandako baimenarekin; Arduradunak datu pertsonalak zeharka batu ditzake iturri publikoen eta merkatuan eskuragarri dauden beste iturri batzuen bidez. Era berean, zure datu pertsonalak biltzen ditugu www.teknei.com webgunearen bidez.<\/p><p>Zerbitzuak emateko biltzen ditugun datu pertsonalak identifikazio datuak dira, hala nola: (i) Izena, (ii) Helbide elektronikoa eta (iii) Enpresa, hala badagokio.   <\/p><h4><strong>III. TRATAMENDUAREN HELBURUA <\/strong><\/h4><h5><strong>Helburu nagusiak<\/strong><\/h5><p>Datuen Arduradunari emandako datu pertsonalak zurekin harremanetan jartzeko erabiliko dira, gure webgunea bisitatuz, eta batez ere gure harremanetarako formularioa betez, gure zerbitzuren batean interesa erakutsi duzulako, eta zentzu horretan, merezi duzun arreta eskaini ahal izateko.<\/p><h5><strong>Bigarren mailako helburuak.<\/strong><\/h5><p>Arduradunari ematen dizkiozun datu pertsonalak bigarren mailako helburuetarako erabil daitezke, helburu estatistiko edo publizitate helburuetarako; hau da, Arduradunak zure datuak erabil ditzake bere webgunearen bidez kudeatutako eskaeren kopurua zehazteko, edo gure zerbitzuen edo gure buletinaren prestazioari buruzko informazioa bidaltzeko.<\/p><p>Goian deskribatutako bigarren mailako helburuetarako zure datu pertsonalak erabiltzea onartzen ez baduzu, uko egin diezaiokezu <a href=\"mailto:oficialdedatos@teknei.com\">dedatos@teknei.com<\/a> helbide ofizialera mezu elektroniko bat bidaliz, eta adierazi besterik ez duzula ematen baimenik Arduradunak zure datu pertsonalak bigarren mailako helburuetarako erabiltzeari, eta zure eskaeran adierazi beharko duzu zein datuk ahalbidetzen diguten gure erregistroetan edo datu-baseetan zu identifikatzea.<\/p><h4><strong>IV. ARCO ESKUBIDEAK ERABILTZEKO MEKANISMOAK <\/strong><\/h4><p>Datuen Arduradunak mekanismo bat ezarri du datuen subjektuak jakin dezan zein datu ditugun subjektuari buruz, zertarako erabiltzen ditugun eta erabiltzeko baldintzak (Sarbidea). Era berean, datuen subjektuak eska dezake Datuen Kontrolatzaileak duen informazioa zuzentzea, zaharkitua, zehaztugabea edo osatugabea bada (Zuzenketa), gure erregistroetatik edo datu-baseetatik ezabatzea, araudiak aurreikusitako printzipio, betebehar eta obligazioen arabera erabiltzen ez dela uste denean (Ezabatzea), baita bere datu pertsonalak helburu zehatzetarako erabiltzearen aurka egiteko ere (Aurkaritza).<\/p><p>Zentzu honetan, edozein unetan erabil ditzakezu aipatutako eskubideak Arduradunak dituen datu pertsonalei dagokienez, idatzizko eskaera bat bidaliz <a href=\"mailto:oficialdedatos@teknei.com\">oficialdedatos@teknei.com helbidera<\/a> posta elektronikoz, honako informazio honekin batera:<\/p><ul><li>Titularraren izena, baita eskaerari erantzuteko helbidea, telefono zenbakia edo bestelako harremanetarako bideren bat ere.<\/li><li>Datuen subjektuaren nortasuna egiaztatzen duten dokumentu ofizialak.<\/li><li>Zure datu pertsonaletan egin nahi dituzun aldaketen deskribapen argia, edo, ahal bada, datu pertsonalen kokapena erraztuko duen beste edozein dokumentu.<\/li><\/ul><p>Zure eskaera jaso ondoren, Arduradunak gehienez 15 (hamabost) eguneko epea izango du eskaera horri erantzuteko eta horri buruzko txostena bidaltzeko emandako harremanetarako bideen bidez.<\/p><h4><strong>V. BAIMENA EZEZTATZEKO MEKANISMOAK ETA PROZEDURAK<\/strong><\/h4><p>Datuen Kontrolatzaileak Masaryk 101, 1401 bulegoa, 43 suitea, Colonia Polanco, Alcald\u00eda Miguel Hidalgo, CP 11560, Mexiko Hiria, Mexiko helbidean dagoen datu pertsonalen bulegora sarbidea ematen du. Bertan, datuen subjektuak Datuen Kontrolatzaileak dituen bere datu pertsonalak erabiltzeko baimena ezeztatu dezake dagokion formularioa betez. Datuen subjektuak baimena ere ezeztatu dezake helbide honetara mezu elektroniko bat bidaliz:  <a href=\"mailto:oficialdedatos@teknei.com\">officialdata@teknei.com<\/a>  non zure ezeztapen eskaera zehatz-mehatz azaldu behar duzun, eta Arduradunak horri buruzko txostena bidaliko dizu gehienez 3 eguneko epean eskaera egin zenuen helbide elektronikora.<\/p><h4><strong>VI. COOKIE ETA WEB BEACONEN ERABILERA <\/strong><\/h4><p>Datuen arduradunak \u201ccookieak\u201d eta beste teknologia batzuk erabiltzen ditu, eta horien bidez Interneteko erabiltzaile gisa duzun portaera kontrolatu ahal izango duzu, gure <a href=\"http:\/\/www.teknei.com\/\">www.teknei.com<\/a> webgunean nabigatzean zerbitzu eta erabiltzaile-esperientzia hobea eskaintzeko.<\/p><p>Jarraipen-teknologia hauetatik lortzen ditugun datuak hauek dira: (i) Nabigazio-denbora, (ii) Gure webgunean nabigatzen emandako denbora, (iii) Bisitatutako atalak eta (iv) Gure webgunea bisitatu aurretik atzitutako Interneteko orriak.    <\/p><h4><strong>VII. PRIBATUTASUN OHARRAREN ALDAKETAK <\/strong><\/h4><p>Datuen Kontrolatzaileak pribatutasun-ohar hau aldatu edo eguneratu behar badu lege, jurisprudentzia edo barne-politika berriei erantzuteko, <a href=\"http:\/\/www.teknei.com\/\">www.teknei.com<\/a> webgunean jakinaraziko dizu banner bat ezarriz, beraz, datuen subjektuari gomendatzen zaio aldian-aldian webgune horretara sartzea.<\/p><p>&#8220;Azken eguneraketa 2025eko urtarrilaren 3an&#8221;<\/p>\t\t\t\t\t\t\t\t<\/div>\n\t\t\t\t<\/div>\n\t\t\t\t<\/div>\n\t\t\t\t<\/div>\n\t\t\t\t\t<\/div>\n\t\t\t\t<\/div>\n\t\t\t\t\t<\/div>\n\t\t<\/div>\n\t\t\t\t\t\t<\/div>\n\t\t\t\t<\/div>\n\t\t\t\t\t<\/div>\n\t\t\t\t<\/div>\n\t\t\t\t<\/div>\n\t\t","protected":false},"excerpt":{"rendered":"<p>Estatua Mexiko Aviso Legal Pol\u00edtica de Cookies Pol\u00edtica de Privacidad C\u00f3digo de Conducta Canal de Denuncia Pol\u00edtica del SIG Pol\u00edtica de Seguridad de la Informaci\u00f3n con Proveedores Pol\u00edtica medioambiental Visi\u00f3n estrat\u00e9gica I+D+i Aviso Legal Pol\u00edtica de Cookies Pol\u00edtica de Privacidad C\u00f3digo&#8230;<\/p>\n","protected":false},"author":7,"featured_media":44921,"parent":0,"menu_order":0,"comment_status":"closed","ping_status":"closed","template":"","meta":{"_acf_changed":false,"footnotes":""},"class_list":["post-49906","page","type-page","status-publish","has-post-thumbnail","hentry"],"acf":[],"_links":{"self":[{"href":"https:\/\/teknei.com\/eu\/wp-json\/wp\/v2\/pages\/49906","targetHints":{"allow":["GET"]}}],"collection":[{"href":"https:\/\/teknei.com\/eu\/wp-json\/wp\/v2\/pages"}],"about":[{"href":"https:\/\/teknei.com\/eu\/wp-json\/wp\/v2\/types\/page"}],"author":[{"embeddable":true,"href":"https:\/\/teknei.com\/eu\/wp-json\/wp\/v2\/users\/7"}],"replies":[{"embeddable":true,"href":"https:\/\/teknei.com\/eu\/wp-json\/wp\/v2\/comments?post=49906"}],"version-history":[{"count":10,"href":"https:\/\/teknei.com\/eu\/wp-json\/wp\/v2\/pages\/49906\/revisions"}],"predecessor-version":[{"id":50116,"href":"https:\/\/teknei.com\/eu\/wp-json\/wp\/v2\/pages\/49906\/revisions\/50116"}],"wp:featuredmedia":[{"embeddable":true,"href":"https:\/\/teknei.com\/eu\/wp-json\/wp\/v2\/media\/44921"}],"wp:attachment":[{"href":"https:\/\/teknei.com\/eu\/wp-json\/wp\/v2\/media?parent=49906"}],"curies":[{"name":"wp","href":"https:\/\/api.w.org\/{rel}","templated":true}]}}